{"id":524,"date":"2022-04-08T20:33:23","date_gmt":"2022-04-08T20:33:23","guid":{"rendered":"https:\/\/analealphotography.com\/?page_id=524"},"modified":"2022-04-14T18:34:53","modified_gmt":"2022-04-14T18:34:53","slug":"vestigios","status":"publish","type":"page","link":"https:\/\/analealphotography.com\/pt_br\/vestigios\/","title":{"rendered":"Vest\u00edgios ( 2018 )\ufffc"},"content":{"rendered":"\t\t<div data-elementor-type=\"wp-page\" data-elementor-id=\"524\" class=\"elementor elementor-524\" data-elementor-settings=\"{&quot;ha_cmc_init_switcher&quot;:&quot;no&quot;}\">\n\t\t\t\t\t\t<section class=\"elementor-section elementor-top-section elementor-element elementor-element-3fd6e853 elementor-section-height-min-height elementor-section-full_width elementor-section-stretched elementor-section-height-default elementor-section-items-middle\" data-id=\"3fd6e853\" data-element_type=\"section\" data-settings=\"{&quot;background_background&quot;:&quot;classic&quot;,&quot;stretch_section&quot;:&quot;section-stretched&quot;,&quot;_ha_eqh_enable&quot;:false}\">\n\t\t\t\t\t\t\t<div class=\"elementor-background-overlay\"><\/div>\n\t\t\t\t\t\t\t<div class=\"elementor-container elementor-column-gap-default\">\n\t\t\t\t\t<div class=\"elementor-column elementor-col-100 elementor-top-column elementor-element elementor-element-32c73ed3\" data-id=\"32c73ed3\" data-element_type=\"column\">\n\t\t\t<div class=\"elementor-widget-wrap elementor-element-populated\">\n\t\t\t\t\t\t<section class=\"elementor-section elementor-inner-section elementor-element elementor-element-7d444ee9 elementor-section-boxed elementor-section-height-default elementor-section-height-default\" data-id=\"7d444ee9\" data-element_type=\"section\" data-settings=\"{&quot;_ha_eqh_enable&quot;:false}\">\n\t\t\t\t\t\t<div class=\"elementor-container elementor-column-gap-default\">\n\t\t\t\t\t<div class=\"elementor-column elementor-col-100 elementor-inner-column elementor-element elementor-element-5c113f60\" data-id=\"5c113f60\" data-element_type=\"column\">\n\t\t\t<div class=\"elementor-widget-wrap elementor-element-populated\">\n\t\t\t\t\t\t\t<\/div>\n\t\t<\/div>\n\t\t\t\t\t<\/div>\n\t\t<\/section>\n\t\t\t\t\t<\/div>\n\t\t<\/div>\n\t\t\t\t\t<\/div>\n\t\t<\/section>\n\t\t\t\t<section class=\"elementor-section elementor-top-section elementor-element elementor-element-7cf80839 elementor-section-stretched elementor-section-boxed elementor-section-height-default elementor-section-height-default\" data-id=\"7cf80839\" data-element_type=\"section\" data-settings=\"{&quot;stretch_section&quot;:&quot;section-stretched&quot;,&quot;_ha_eqh_enable&quot;:false}\">\n\t\t\t\t\t\t<div class=\"elementor-container elementor-column-gap-default\">\n\t\t\t\t\t<div class=\"elementor-column elementor-col-100 elementor-top-column elementor-element elementor-element-54d243b2\" data-id=\"54d243b2\" data-element_type=\"column\">\n\t\t\t<div class=\"elementor-widget-wrap elementor-element-populated\">\n\t\t\t\t\t\t<section class=\"elementor-section elementor-inner-section elementor-element elementor-element-55e86a2d elementor-section-boxed elementor-section-height-default elementor-section-height-default\" data-id=\"55e86a2d\" data-element_type=\"section\" data-settings=\"{&quot;_ha_eqh_enable&quot;:false}\">\n\t\t\t\t\t\t<div class=\"elementor-container elementor-column-gap-default\">\n\t\t\t\t\t<div class=\"elementor-column elementor-col-100 elementor-inner-column elementor-element elementor-element-20399c71\" data-id=\"20399c71\" data-element_type=\"column\">\n\t\t\t<div class=\"elementor-widget-wrap elementor-element-populated\">\n\t\t\t\t\t\t<div class=\"elementor-element elementor-element-10152257 elementor-widget-divider--view-line_text elementor-widget-divider--element-align-center elementor-widget elementor-widget-divider\" data-id=\"10152257\" data-element_type=\"widget\" data-widget_type=\"divider.default\">\n\t\t\t\t<div class=\"elementor-widget-container\">\n\t\t\t\t\t\t\t<div class=\"elementor-divider\">\n\t\t\t<span class=\"elementor-divider-separator\">\n\t\t\t\t\t\t\t<span class=\"elementor-divider__text elementor-divider__element\">\n\t\t\t\tSOBRE O PROJETO\t\t\t\t<\/span>\n\t\t\t\t\t\t<\/span>\n\t\t<\/div>\n\t\t\t\t\t\t<\/div>\n\t\t\t\t<\/div>\n\t\t\t\t<div class=\"elementor-element elementor-element-3b0225e7 elementor-widget elementor-widget-text-editor\" data-id=\"3b0225e7\" data-element_type=\"widget\" data-widget_type=\"text-editor.default\">\n\t\t\t\t<div class=\"elementor-widget-container\">\n\t\t\t\t\t\t\t\t\t<p class=\"s3\"><span class=\"s4\">&#8220;Vest<\/span><span class=\"s4\">\u00ed<\/span><span class=\"s4\">gios<\/span><span class=\"s4\">&#8221; <\/span><span class=\"s4\">\u00e9 <\/span><span class=\"s4\">o resultado de uma intensa investiga\u00e7\u00e3o em dois dom<\/span><span class=\"s4\">\u00ed<\/span><span class=\"s4\">nios<\/span><span class=\"s4\">distintos e sobrepostos: por um lado, a explora\u00e7\u00e3o de lugares misteriosos, esquecidos e abandonados; por outro lado, uma imers\u00e3o interna em uma condi\u00e7\u00e3o de melancolia e tristeza. Sempre fui irresistivelmente atra<\/span><span class=\"s4\">\u00edda<\/span><span class=\"s4\"> por esses lugares <\/span><span class=\"s4\">lim\u00edtrofes<\/span><span class=\"s4\"> que parecem <\/span><span class=\"s4\">ru<\/span><span class=\"s4\">\u00ed<\/span><span class=\"s4\">nas congeladas no tempo. Decidi descrever os detalhes, os elementos comuns e banais e as estranhas composi\u00e7\u00f5es que encontrei ao entrar nessas propriedades abandonadas. O que descobri, no entanto, foi mais do que isso. Fui <\/span><span class=\"s4\">confrontad<\/span><span class=\"s4\">a<\/span><span class=\"s4\"> com a eterna <\/span><span class=\"s4\">decad<\/span><span class=\"s4\">\u00ea<\/span><span class=\"s4\">ncia<\/span><span class=\"s4\"> do tempo que <\/span><span class=\"s4\">est<\/span><span class=\"s4\">\u00e1 <\/span><span class=\"s4\">impregnada nos objetos inanimados que foram deixados para <\/span><span class=\"s4\">tr<\/span><span class=\"s4\">\u00e1<\/span><span class=\"s4\">s<\/span><span class=\"s4\">, <\/span><span class=\"s4\">como <\/span><span class=\"s4\">lemb<\/span><span class=\"s4\">ran\u00e7as<\/span><span class=\"s4\"> indesejad<\/span><span class=\"s4\">a<\/span><span class=\"s4\">s de um tempo distante, de outra vida. Al<\/span><span class=\"s4\">\u00e9<\/span><span class=\"s4\">m disso, percebi que estava tentando capturar mais do que o <\/span><span class=\"s4\">decl<\/span><span class=\"s4\">\u00ed<\/span><span class=\"s4\">nio<\/span><span class=\"s4\"> de uma casa, de um quarto, de alguma coisa &#8211; esta s<\/span><span class=\"s4\">\u00e9<\/span><span class=\"s4\">rie<\/span> <span class=\"s4\">\u00e9 <\/span><span class=\"s4\">uma tentativa de capturar um estado de suspens\u00e3o, uma atmosfera <\/span><span class=\"s4\">melanc<\/span><span class=\"s4\">\u00f3<\/span><span class=\"s4\">lica<\/span><span class=\"s4\"> na qual o tempo<\/span><span class=\"s4\"> para<\/span><span class=\"s4\"> e o presente desaparece .<\/span><\/p><p class=\"p1\">Algumas das fotografias da s\u00e9rie revelam cen\u00e1rios encontrados, situa\u00e7\u00f5es estranhas inalteradas por mim, outras revelam meu interesse em interst\u00edcios, rasgos de luz, pontos de vista estreitos. Quando reunidos, eles comp\u00f5em um retrato da solid\u00e3o de todas as m\u00fasicas que voc\u00ea n\u00e3o consegue ouvir, de todas as cores que n\u00e3o consegue ver e de todas as palavras que n\u00e3o consegue pronunciar, incorporando a solid\u00e3o e o vazio.<\/p><p><span class=\"s5\">Vestigios<\/span><span class=\"s4\"> \u00e9 uma s<\/span><span class=\"s4\">\u00e9rie<\/span><span class=\"s4\"> composta de 8<\/span> <span class=\"s4\">imagens. Cada pe\u00e7a <\/span><span class=\"s4\">\u00e9 <\/span><span class=\"s4\">produzida em uma edi\u00e7\u00e3o de 13 + 2 AP para uma edi\u00e7\u00e3o total de 15.<\/span><\/p><p><span class=\"s4\">Este corpo de trabalho <\/span><span class=\"s4\">\u00e9 <\/span><span class=\"s4\">impresso em papel de arquivo <\/span><span class=\"s4\">Hahnem\u00fchle<\/span> <span class=\"s4\">Photo<\/span><span class=\"s4\">Rag<\/span> <span class=\"s4\">Baryta<\/span><span class=\"s4\"> com jato de tinta \u00e0 base d\u2019\u00e1gua com <\/span><span class=\"s4\">pigmnento<\/span><span class=\"s4\"> mineral.<\/span><\/p><p><span class=\"s4\">Existem dois tamanhos de <\/span><span class=\"s4\">impress\u00e3<\/span><span class=\"s4\">o: <\/span><span class=\"s4\">40 cm x 60,5 cm<\/span><span class=\"s4\"> (10), <\/span><span class=\"s4\">76 cm x 106 cm <\/span><span class=\"s4\">(3) mais 2 provas de artista.<\/span><\/p>\t\t\t\t\t\t\t\t<\/div>\n\t\t\t\t<\/div>\n\t\t\t\t\t<\/div>\n\t\t<\/div>\n\t\t\t\t\t<\/div>\n\t\t<\/section>\n\t\t\t\t\t<\/div>\n\t\t<\/div>\n\t\t\t\t\t<\/div>\n\t\t<\/section>\n\t\t\t\t<section class=\"elementor-section elementor-top-section elementor-element elementor-element-3978995c elementor-section-stretched elementor-section-boxed elementor-section-height-default elementor-section-height-default\" data-id=\"3978995c\" data-element_type=\"section\" data-settings=\"{&quot;stretch_section&quot;:&quot;section-stretched&quot;,&quot;_ha_eqh_enable&quot;:false}\">\n\t\t\t\t\t\t<div class=\"elementor-container elementor-column-gap-default\">\n\t\t\t\t\t<div class=\"elementor-column elementor-col-100 elementor-top-column elementor-element elementor-element-4390395e\" data-id=\"4390395e\" data-element_type=\"column\">\n\t\t\t<div class=\"elementor-widget-wrap elementor-element-populated\">\n\t\t\t\t\t\t<div class=\"elementor-element elementor-element-79d97acc elementor-widget elementor-widget-gallery\" data-id=\"79d97acc\" data-element_type=\"widget\" data-settings=\"{&quot;columns&quot;:3,&quot;gap&quot;:{&quot;unit&quot;:&quot;px&quot;,&quot;size&quot;:30,&quot;sizes&quot;:[]},&quot;columns_mobile&quot;:2,&quot;lazyload&quot;:&quot;yes&quot;,&quot;gallery_layout&quot;:&quot;grid&quot;,&quot;columns_tablet&quot;:2,&quot;gap_laptop&quot;:{&quot;unit&quot;:&quot;px&quot;,&quot;size&quot;:10,&quot;sizes&quot;:[]},&quot;gap_tablet&quot;:{&quot;unit&quot;:&quot;px&quot;,&quot;size&quot;:10,&quot;sizes&quot;:[]},&quot;gap_mobile&quot;:{&quot;unit&quot;:&quot;px&quot;,&quot;size&quot;:10,&quot;sizes&quot;:[]},&quot;link_to&quot;:&quot;file&quot;,&quot;aspect_ratio&quot;:&quot;3:2&quot;,&quot;overlay_background&quot;:&quot;yes&quot;,&quot;content_hover_animation&quot;:&quot;fade-in&quot;}\" data-widget_type=\"gallery.default\">\n\t\t\t\t<div class=\"elementor-widget-container\">\n\t\t\t\t\t\t\t<div class=\"elementor-gallery__container\">\n\t\t\t\t\t\t\t<a class=\"e-gallery-item elementor-gallery-item elementor-animated-content\" href=\"https:\/\/analealphotography.com\/wp-content\/uploads\/2022\/04\/Vestigios-Vestiges-1.jpg\" data-elementor-open-lightbox=\"yes\" data-elementor-lightbox-slideshow=\"all-79d97acc\" data-elementor-lightbox-title=\"Vestigios : Vestiges #1\" data-e-action-hash=\"#elementor-action%3Aaction%3Dlightbox%26settings%3DeyJpZCI6NjE5LCJ1cmwiOiJodHRwczpcL1wvYW5hbGVhbHBob3RvZ3JhcGh5LmNvbVwvd3AtY29udGVudFwvdXBsb2Fkc1wvMjAyMlwvMDRcL1Zlc3RpZ2lvcy1WZXN0aWdlcy0xLmpwZyIsInNsaWRlc2hvdyI6ImFsbC03OWQ5N2FjYyJ9\">\n\t\t\t\t\t<div class=\"e-gallery-image elementor-gallery-item__image\" data-thumbnail=\"https:\/\/analealphotography.com\/wp-content\/uploads\/2022\/04\/Vestigios-Vestiges-1.jpg\" data-width=\"1200\" data-height=\"801\" alt=\"\" ><\/div>\n\t\t\t\t\t\t\t\t\t\t\t<div class=\"elementor-gallery-item__overlay\"><\/div>\n\t\t\t\t\t\t\t\t\t\t\t\t\t\t<\/a>\n\t\t\t\t\t\t\t<a class=\"e-gallery-item elementor-gallery-item elementor-animated-content\" href=\"https:\/\/analealphotography.com\/wp-content\/uploads\/2022\/04\/Vestigios-Vestiges-2.jpg\" data-elementor-open-lightbox=\"yes\" data-elementor-lightbox-slideshow=\"all-79d97acc\" data-elementor-lightbox-title=\"Vestigios : Vestiges #2\" data-e-action-hash=\"#elementor-action%3Aaction%3Dlightbox%26settings%3DeyJpZCI6NjIwLCJ1cmwiOiJodHRwczpcL1wvYW5hbGVhbHBob3RvZ3JhcGh5LmNvbVwvd3AtY29udGVudFwvdXBsb2Fkc1wvMjAyMlwvMDRcL1Zlc3RpZ2lvcy1WZXN0aWdlcy0yLmpwZyIsInNsaWRlc2hvdyI6ImFsbC03OWQ5N2FjYyJ9\">\n\t\t\t\t\t<div class=\"e-gallery-image elementor-gallery-item__image\" data-thumbnail=\"https:\/\/analealphotography.com\/wp-content\/uploads\/2022\/04\/Vestigios-Vestiges-2.jpg\" data-width=\"1200\" data-height=\"800\" alt=\"\" ><\/div>\n\t\t\t\t\t\t\t\t\t\t\t<div class=\"elementor-gallery-item__overlay\"><\/div>\n\t\t\t\t\t\t\t\t\t\t\t\t\t\t<\/a>\n\t\t\t\t\t\t\t<a class=\"e-gallery-item elementor-gallery-item elementor-animated-content\" href=\"https:\/\/analealphotography.com\/wp-content\/uploads\/2022\/04\/Vestigios-Vestiges-3.jpg\" data-elementor-open-lightbox=\"yes\" data-elementor-lightbox-slideshow=\"all-79d97acc\" data-elementor-lightbox-title=\"Vestigios : Vestiges #3\" data-e-action-hash=\"#elementor-action%3Aaction%3Dlightbox%26settings%3DeyJpZCI6NjIxLCJ1cmwiOiJodHRwczpcL1wvYW5hbGVhbHBob3RvZ3JhcGh5LmNvbVwvd3AtY29udGVudFwvdXBsb2Fkc1wvMjAyMlwvMDRcL1Zlc3RpZ2lvcy1WZXN0aWdlcy0zLmpwZyIsInNsaWRlc2hvdyI6ImFsbC03OWQ5N2FjYyJ9\">\n\t\t\t\t\t<div class=\"e-gallery-image elementor-gallery-item__image\" data-thumbnail=\"https:\/\/analealphotography.com\/wp-content\/uploads\/2022\/04\/Vestigios-Vestiges-3.jpg\" data-width=\"802\" data-height=\"1200\" alt=\"\" ><\/div>\n\t\t\t\t\t\t\t\t\t\t\t<div class=\"elementor-gallery-item__overlay\"><\/div>\n\t\t\t\t\t\t\t\t\t\t\t\t\t\t<\/a>\n\t\t\t\t\t\t\t<a class=\"e-gallery-item elementor-gallery-item elementor-animated-content\" href=\"https:\/\/analealphotography.com\/wp-content\/uploads\/2022\/04\/Vestigios-Vestiges-4-1.jpg\" data-elementor-open-lightbox=\"yes\" data-elementor-lightbox-slideshow=\"all-79d97acc\" data-elementor-lightbox-title=\"Vestigios : Vestiges #4\" data-e-action-hash=\"#elementor-action%3Aaction%3Dlightbox%26settings%3DeyJpZCI6NjIyLCJ1cmwiOiJodHRwczpcL1wvYW5hbGVhbHBob3RvZ3JhcGh5LmNvbVwvd3AtY29udGVudFwvdXBsb2Fkc1wvMjAyMlwvMDRcL1Zlc3RpZ2lvcy1WZXN0aWdlcy00LTEuanBnIiwic2xpZGVzaG93IjoiYWxsLTc5ZDk3YWNjIn0%3D\">\n\t\t\t\t\t<div class=\"e-gallery-image elementor-gallery-item__image\" data-thumbnail=\"https:\/\/analealphotography.com\/wp-content\/uploads\/2022\/04\/Vestigios-Vestiges-4-1.jpg\" data-width=\"1200\" data-height=\"800\" alt=\"\" ><\/div>\n\t\t\t\t\t\t\t\t\t\t\t<div class=\"elementor-gallery-item__overlay\"><\/div>\n\t\t\t\t\t\t\t\t\t\t\t\t\t\t<\/a>\n\t\t\t\t\t\t\t<a class=\"e-gallery-item elementor-gallery-item elementor-animated-content\" href=\"https:\/\/analealphotography.com\/wp-content\/uploads\/2022\/04\/Vestigios-Vestiges-5.jpg\" data-elementor-open-lightbox=\"yes\" data-elementor-lightbox-slideshow=\"all-79d97acc\" data-elementor-lightbox-title=\"Vestigios : Vestiges #5\" data-e-action-hash=\"#elementor-action%3Aaction%3Dlightbox%26settings%3DeyJpZCI6NjIzLCJ1cmwiOiJodHRwczpcL1wvYW5hbGVhbHBob3RvZ3JhcGh5LmNvbVwvd3AtY29udGVudFwvdXBsb2Fkc1wvMjAyMlwvMDRcL1Zlc3RpZ2lvcy1WZXN0aWdlcy01LmpwZyIsInNsaWRlc2hvdyI6ImFsbC03OWQ5N2FjYyJ9\">\n\t\t\t\t\t<div class=\"e-gallery-image elementor-gallery-item__image\" data-thumbnail=\"https:\/\/analealphotography.com\/wp-content\/uploads\/2022\/04\/Vestigios-Vestiges-5.jpg\" data-width=\"1200\" data-height=\"1798\" alt=\"\" ><\/div>\n\t\t\t\t\t\t\t\t\t\t\t<div class=\"elementor-gallery-item__overlay\"><\/div>\n\t\t\t\t\t\t\t\t\t\t\t\t\t\t<\/a>\n\t\t\t\t\t\t\t<a class=\"e-gallery-item elementor-gallery-item elementor-animated-content\" href=\"https:\/\/analealphotography.com\/wp-content\/uploads\/2022\/04\/Vestigios-Vestiges-6.jpg\" data-elementor-open-lightbox=\"yes\" data-elementor-lightbox-slideshow=\"all-79d97acc\" data-elementor-lightbox-title=\"Vestigios : Vestiges #6\" data-e-action-hash=\"#elementor-action%3Aaction%3Dlightbox%26settings%3DeyJpZCI6NjI0LCJ1cmwiOiJodHRwczpcL1wvYW5hbGVhbHBob3RvZ3JhcGh5LmNvbVwvd3AtY29udGVudFwvdXBsb2Fkc1wvMjAyMlwvMDRcL1Zlc3RpZ2lvcy1WZXN0aWdlcy02LmpwZyIsInNsaWRlc2hvdyI6ImFsbC03OWQ5N2FjYyJ9\">\n\t\t\t\t\t<div class=\"e-gallery-image elementor-gallery-item__image\" data-thumbnail=\"https:\/\/analealphotography.com\/wp-content\/uploads\/2022\/04\/Vestigios-Vestiges-6.jpg\" data-width=\"1200\" data-height=\"1500\" alt=\"\" ><\/div>\n\t\t\t\t\t\t\t\t\t\t\t<div class=\"elementor-gallery-item__overlay\"><\/div>\n\t\t\t\t\t\t\t\t\t\t\t\t\t\t<\/a>\n\t\t\t\t\t\t\t<a class=\"e-gallery-item elementor-gallery-item elementor-animated-content\" href=\"https:\/\/analealphotography.com\/wp-content\/uploads\/2022\/04\/Vestigios-Vestiges-7.jpg\" data-elementor-open-lightbox=\"yes\" data-elementor-lightbox-slideshow=\"all-79d97acc\" data-elementor-lightbox-title=\"Vestigios : Vestiges #7\" data-e-action-hash=\"#elementor-action%3Aaction%3Dlightbox%26settings%3DeyJpZCI6NjI1LCJ1cmwiOiJodHRwczpcL1wvYW5hbGVhbHBob3RvZ3JhcGh5LmNvbVwvd3AtY29udGVudFwvdXBsb2Fkc1wvMjAyMlwvMDRcL1Zlc3RpZ2lvcy1WZXN0aWdlcy03LmpwZyIsInNsaWRlc2hvdyI6ImFsbC03OWQ5N2FjYyJ9\">\n\t\t\t\t\t<div class=\"e-gallery-image elementor-gallery-item__image\" data-thumbnail=\"https:\/\/analealphotography.com\/wp-content\/uploads\/2022\/04\/Vestigios-Vestiges-7.jpg\" data-width=\"1200\" data-height=\"960\" alt=\"\" ><\/div>\n\t\t\t\t\t\t\t\t\t\t\t<div class=\"elementor-gallery-item__overlay\"><\/div>\n\t\t\t\t\t\t\t\t\t\t\t\t\t\t<\/a>\n\t\t\t\t\t\t\t<a class=\"e-gallery-item elementor-gallery-item elementor-animated-content\" href=\"https:\/\/analealphotography.com\/wp-content\/uploads\/2022\/04\/Vestigios-Vestiges-8.jpg\" data-elementor-open-lightbox=\"yes\" data-elementor-lightbox-slideshow=\"all-79d97acc\" data-elementor-lightbox-title=\"Vestigios : Vestiges #8\" data-e-action-hash=\"#elementor-action%3Aaction%3Dlightbox%26settings%3DeyJpZCI6NjI2LCJ1cmwiOiJodHRwczpcL1wvYW5hbGVhbHBob3RvZ3JhcGh5LmNvbVwvd3AtY29udGVudFwvdXBsb2Fkc1wvMjAyMlwvMDRcL1Zlc3RpZ2lvcy1WZXN0aWdlcy04LmpwZyIsInNsaWRlc2hvdyI6ImFsbC03OWQ5N2FjYyJ9\">\n\t\t\t\t\t<div class=\"e-gallery-image elementor-gallery-item__image\" data-thumbnail=\"https:\/\/analealphotography.com\/wp-content\/uploads\/2022\/04\/Vestigios-Vestiges-8.jpg\" data-width=\"1200\" data-height=\"801\" alt=\"\" ><\/div>\n\t\t\t\t\t\t\t\t\t\t\t<div class=\"elementor-gallery-item__overlay\"><\/div>\n\t\t\t\t\t\t\t\t\t\t\t\t\t\t<\/a>\n\t\t\t\t\t<\/div>\n\t\t\t\t\t<\/div>\n\t\t\t\t<\/div>\n\t\t\t\t\t<\/div>\n\t\t<\/div>\n\t\t\t\t\t<\/div>\n\t\t<\/section>\n\t\t\t\t<\/div>\n\t\t","protected":false},"excerpt":{"rendered":"<p>SOBRE O PROJETO &#8220;Vest\u00edgios&#8221; \u00e9 o resultado de uma intensa investiga\u00e7\u00e3o em dois dom\u00edniosdistintos e sobrepostos: por um lado, a explora\u00e7\u00e3o de lugares misteriosos, esquecidos e abandonados; por outro lado, uma imers\u00e3o interna em uma condi\u00e7\u00e3o de melancolia e tristeza. Sempre fui irresistivelmente atra\u00edda por esses lugares lim\u00edtrofes que parecem ru\u00ednas congeladas no tempo. Decidi descrever os detalhes, os elementos comuns e banais e as estranhas composi\u00e7\u00f5es que encontrei ao entrar nessas propriedades abandonadas. O que descobri, no entanto, foi [&hellip;]<\/p>\n","protected":false},"author":1,"featured_media":0,"parent":0,"menu_order":0,"comment_status":"closed","ping_status":"closed","template":"elementor_header_footer","meta":{"om_disable_all_campaigns":false,"_monsterinsights_skip_tracking":false,"_monsterinsights_sitenote_active":false,"_monsterinsights_sitenote_note":"","_monsterinsights_sitenote_category":0,"_uf_show_specific_survey":0,"_uf_disable_surveys":false,"footnotes":""},"class_list":["post-524","page","type-page","status-publish","hentry"],"aioseo_notices":[],"_links":{"self":[{"href":"https:\/\/analealphotography.com\/pt_br\/wp-json\/wp\/v2\/pages\/524","targetHints":{"allow":["GET"]}}],"collection":[{"href":"https:\/\/analealphotography.com\/pt_br\/wp-json\/wp\/v2\/pages"}],"about":[{"href":"https:\/\/analealphotography.com\/pt_br\/wp-json\/wp\/v2\/types\/page"}],"author":[{"embeddable":true,"href":"https:\/\/analealphotography.com\/pt_br\/wp-json\/wp\/v2\/users\/1"}],"replies":[{"embeddable":true,"href":"https:\/\/analealphotography.com\/pt_br\/wp-json\/wp\/v2\/comments?post=524"}],"version-history":[{"count":31,"href":"https:\/\/analealphotography.com\/pt_br\/wp-json\/wp\/v2\/pages\/524\/revisions"}],"predecessor-version":[{"id":1361,"href":"https:\/\/analealphotography.com\/pt_br\/wp-json\/wp\/v2\/pages\/524\/revisions\/1361"}],"wp:attachment":[{"href":"https:\/\/analealphotography.com\/pt_br\/wp-json\/wp\/v2\/media?parent=524"}],"curies":[{"name":"wp","href":"https:\/\/api.w.org\/{rel}","templated":true}]}}