{"id":247,"date":"2022-03-31T16:15:38","date_gmt":"2022-03-31T16:15:38","guid":{"rendered":"https:\/\/analealphotography.com\/?page_id=247"},"modified":"2022-07-19T20:01:15","modified_gmt":"2022-07-19T20:01:15","slug":"sobre-as-obras","status":"publish","type":"page","link":"https:\/\/analealphotography.com\/pt_br\/sobre-as-obras\/","title":{"rendered":"Sobre as Obras"},"content":{"rendered":"\t\t<div data-elementor-type=\"wp-page\" data-elementor-id=\"247\" class=\"elementor elementor-247\" data-elementor-settings=\"{&quot;ha_cmc_init_switcher&quot;:&quot;no&quot;}\">\n\t\t\t\t\t\t<section class=\"elementor-section elementor-top-section elementor-element elementor-element-8edca6c elementor-section-height-min-height elementor-section-stretched elementor-section-boxed elementor-section-height-default elementor-section-items-middle\" data-id=\"8edca6c\" data-element_type=\"section\" data-settings=\"{&quot;background_background&quot;:&quot;classic&quot;,&quot;stretch_section&quot;:&quot;section-stretched&quot;,&quot;_ha_eqh_enable&quot;:false}\">\n\t\t\t\t\t\t\t<div class=\"elementor-background-overlay\"><\/div>\n\t\t\t\t\t\t\t<div class=\"elementor-container elementor-column-gap-default\">\n\t\t\t\t\t<div class=\"elementor-column elementor-col-100 elementor-top-column elementor-element elementor-element-214e650\" data-id=\"214e650\" data-element_type=\"column\">\n\t\t\t<div class=\"elementor-widget-wrap elementor-element-populated\">\n\t\t\t\t\t\t<section class=\"elementor-section elementor-inner-section elementor-element elementor-element-b633223 elementor-section-boxed elementor-section-height-default elementor-section-height-default\" data-id=\"b633223\" data-element_type=\"section\" data-settings=\"{&quot;_ha_eqh_enable&quot;:false}\">\n\t\t\t\t\t\t<div class=\"elementor-container elementor-column-gap-default\">\n\t\t\t\t\t<div class=\"elementor-column elementor-col-100 elementor-inner-column elementor-element elementor-element-7764c7c\" data-id=\"7764c7c\" data-element_type=\"column\">\n\t\t\t<div class=\"elementor-widget-wrap elementor-element-populated\">\n\t\t\t\t\t\t<div class=\"elementor-element elementor-element-1ab3b1b elementor-widget-divider--view-line_text elementor-widget-divider--element-align-center elementor-widget elementor-widget-divider\" data-id=\"1ab3b1b\" data-element_type=\"widget\" data-widget_type=\"divider.default\">\n\t\t\t\t<div class=\"elementor-widget-container\">\n\t\t\t\t\t\t\t<div class=\"elementor-divider\">\n\t\t\t<span class=\"elementor-divider-separator\">\n\t\t\t\t\t\t\t<span class=\"elementor-divider__text elementor-divider__element\">\n\t\t\t\tSAIBA MAIS\t\t\t\t<\/span>\n\t\t\t\t\t\t<\/span>\n\t\t<\/div>\n\t\t\t\t\t\t<\/div>\n\t\t\t\t<\/div>\n\t\t\t\t<div class=\"elementor-element elementor-element-abb76f8 elementor-widget elementor-widget-heading\" data-id=\"abb76f8\" data-element_type=\"widget\" data-widget_type=\"heading.default\">\n\t\t\t\t<div class=\"elementor-widget-container\">\n\t\t\t\t\t<h2 class=\"elementor-heading-title elementor-size-default\">Sobre as Obras<\/h2>\t\t\t\t<\/div>\n\t\t\t\t<\/div>\n\t\t\t\t<div class=\"elementor-element elementor-element-8685546 elementor-widget elementor-widget-text-editor\" data-id=\"8685546\" data-element_type=\"widget\" data-widget_type=\"text-editor.default\">\n\t\t\t\t<div class=\"elementor-widget-container\">\n\t\t\t\t\t\t\t\t\t<p class=\"p1\">Eu fotografo de forma digital e anal\u00f3gica capturando minhas imagens da natureza e da vida cotidiana. Ao longo dos anos, experimentei lentes diferentes e continuo sempre voltando \u00e0s de 50 mm, ent\u00e3o essa \u00e9 definitivamente minha ferramenta de escolha. Trabalho bastante em p\u00f3s-produ\u00e7\u00e3o e edi\u00e7\u00e3o no meu est\u00fadio.<\/p>\t\t\t\t\t\t\t\t<\/div>\n\t\t\t\t<\/div>\n\t\t\t\t\t<\/div>\n\t\t<\/div>\n\t\t\t\t\t<\/div>\n\t\t<\/section>\n\t\t\t\t\t<\/div>\n\t\t<\/div>\n\t\t\t\t\t<\/div>\n\t\t<\/section>\n\t\t\t\t<section class=\"elementor-section elementor-top-section elementor-element elementor-element-6bfee12 elementor-section-full_width elementor-section-stretched elementor-section-height-default elementor-section-height-default\" data-id=\"6bfee12\" data-element_type=\"section\" data-settings=\"{&quot;stretch_section&quot;:&quot;section-stretched&quot;,&quot;_ha_eqh_enable&quot;:false}\">\n\t\t\t\t\t\t<div class=\"elementor-container elementor-column-gap-default\">\n\t\t\t\t\t<div class=\"elementor-column elementor-col-50 elementor-top-column elementor-element elementor-element-cb90b38 elementor-hidden-mobile\" data-id=\"cb90b38\" data-element_type=\"column\" data-settings=\"{&quot;background_background&quot;:&quot;classic&quot;}\">\n\t\t\t<div class=\"elementor-widget-wrap\">\n\t\t\t\t\t\t\t<\/div>\n\t\t<\/div>\n\t\t\t\t<div class=\"elementor-column elementor-col-50 elementor-top-column elementor-element elementor-element-e00ab4c\" data-id=\"e00ab4c\" data-element_type=\"column\" data-settings=\"{&quot;background_background&quot;:&quot;classic&quot;}\">\n\t\t\t<div class=\"elementor-widget-wrap elementor-element-populated\">\n\t\t\t\t\t\t<div class=\"elementor-element elementor-element-35e1f2e elementor-widget elementor-widget-text-editor\" data-id=\"35e1f2e\" data-element_type=\"widget\" data-widget_type=\"text-editor.default\">\n\t\t\t\t<div class=\"elementor-widget-container\">\n\t\t\t\t\t\t\t\t\t<p class=\"p1\">Todas as impress\u00f5es s\u00e3o jato de tinta \u00e0 base d&#8217;\u00e1gua com pigmento mineral,<span class=\"Apple-converted-space\">\u00a0 <\/span>com tamanhos de edi\u00e7\u00e3o que variam de acordo com a s\u00e9rie. Cada impress\u00e3o vem com seu Certificado de Autenticidade e h\u00e1 duas provas de artista para cada edi\u00e7\u00e3o impressa.<\/p><p class=\"p1\">Utilizo pap\u00e9is fine art certificados com alta durabilidade e alta qualidade de impress\u00e3o. Tenho trabalhado com est\u00fadios de impress\u00e3o certificados no Brasil e nos EUA para produzir minhas impress\u00f5es fine art de Edi\u00e7\u00f5es Limitadas em formatos maiores. Tamanhos menores eu mesma imprimo no meu est\u00fadio.<\/p><p class=\"p1\">Os pre\u00e7os variam de R$ 2.500 a R$ 10.000 em fun\u00e7\u00e3o da s\u00e9rie, tiragem, tamanho da impress\u00e3o e moldura.<\/p><p class=\"p1\">Caso se interesse em receber uma cota\u00e7\u00e3o ou adquirir alguma pe\u00e7a, entre em contato comigo atrav\u00e9s do e-mail analeal@analealphotography.com ou atrav\u00e9s do formul\u00e1rio na se\u00e7\u00e3o de contato.<\/p><p class=\"p1\">Voc\u00ea tamb\u00e9m pode encontrar meu trabalho online na Art Soul:<\/p><p class=\"p1\"><span class=\"s1\"><a href=\"https:\/\/artsoul.com.br\/artistas?search=ana+leal\">https:\/\/artsoul.com.br\/artistas?search=ana+leal<\/a><\/span><\/p>\t\t\t\t\t\t\t\t<\/div>\n\t\t\t\t<\/div>\n\t\t\t\t\t<\/div>\n\t\t<\/div>\n\t\t\t\t\t<\/div>\n\t\t<\/section>\n\t\t\t\t<section class=\"elementor-section elementor-top-section elementor-element elementor-element-057d156 elementor-section-stretched elementor-section-boxed elementor-section-height-default elementor-section-height-default\" data-id=\"057d156\" data-element_type=\"section\" data-settings=\"{&quot;stretch_section&quot;:&quot;section-stretched&quot;,&quot;_ha_eqh_enable&quot;:false}\">\n\t\t\t\t\t\t<div class=\"elementor-container elementor-column-gap-default\">\n\t\t\t\t\t<div class=\"elementor-column elementor-col-100 elementor-top-column elementor-element elementor-element-cfe74a8\" data-id=\"cfe74a8\" data-element_type=\"column\">\n\t\t\t<div class=\"elementor-widget-wrap elementor-element-populated\">\n\t\t\t\t\t\t<section class=\"elementor-section elementor-inner-section elementor-element elementor-element-011e2f9 elementor-section-boxed elementor-section-height-default elementor-section-height-default\" data-id=\"011e2f9\" data-element_type=\"section\" data-settings=\"{&quot;_ha_eqh_enable&quot;:false}\">\n\t\t\t\t\t\t<div class=\"elementor-container elementor-column-gap-default\">\n\t\t\t\t\t<div class=\"elementor-column elementor-col-100 elementor-inner-column elementor-element elementor-element-d3332a3\" data-id=\"d3332a3\" data-element_type=\"column\">\n\t\t\t<div class=\"elementor-widget-wrap elementor-element-populated\">\n\t\t\t\t\t\t<div class=\"elementor-element elementor-element-8675002 elementor-widget elementor-widget-heading\" data-id=\"8675002\" data-element_type=\"widget\" data-widget_type=\"heading.default\">\n\t\t\t\t<div class=\"elementor-widget-container\">\n\t\t\t\t\t<h2 class=\"elementor-heading-title elementor-size-default\">TAMANHOS  ( cent\u00edmetros )\n<\/h2>\t\t\t\t<\/div>\n\t\t\t\t<\/div>\n\t\t\t\t<div class=\"elementor-element elementor-element-f339ce6 elementor-widget elementor-widget-text-editor\" data-id=\"f339ce6\" data-element_type=\"widget\" data-widget_type=\"text-editor.default\">\n\t\t\t\t<div class=\"elementor-widget-container\">\n\t\t\t\t\t\t\t\t\t<p class=\"p1\">Pequeno ( Edi\u00e7\u00e3o de 10 )<\/p><p class=\"p1\">30 x 48<\/p><p class=\"p1\">30 x 30<\/p><p class=\"p1\">M\u00e9dio ( Edi\u00e7\u00e3o de 8 )<\/p><p class=\"p1\">40 x 60<\/p><p class=\"p1\">60 x 60<span class=\"Apple-converted-space\">\u00a0<\/span><\/p><p class=\"p1\">Grande ( Edi\u00e7\u00e3o de<span class=\"Apple-converted-space\">\u00a0 <\/span>5 )<\/p><p class=\"p1\">75 x 105<\/p><p class=\"p1\">75 x 75<\/p>\t\t\t\t\t\t\t\t<\/div>\n\t\t\t\t<\/div>\n\t\t\t\t\t<\/div>\n\t\t<\/div>\n\t\t\t\t\t<\/div>\n\t\t<\/section>\n\t\t\t\t\t<\/div>\n\t\t<\/div>\n\t\t\t\t\t<\/div>\n\t\t<\/section>\n\t\t\t\t<\/div>\n\t\t","protected":false},"excerpt":{"rendered":"<p>SAIBA MAIS Sobre as Obras Eu fotografo de forma digital e anal\u00f3gica capturando minhas imagens da natureza e da vida cotidiana. Ao longo dos anos, experimentei lentes diferentes e continuo sempre voltando \u00e0s de 50 mm, ent\u00e3o essa \u00e9 definitivamente minha ferramenta de escolha. Trabalho bastante em p\u00f3s-produ\u00e7\u00e3o e edi\u00e7\u00e3o no meu est\u00fadio. Todas as impress\u00f5es s\u00e3o jato de tinta \u00e0 base d&#8217;\u00e1gua com pigmento mineral,\u00a0 com tamanhos de edi\u00e7\u00e3o que variam de acordo com a s\u00e9rie. Cada impress\u00e3o vem [&hellip;]<\/p>\n","protected":false},"author":1,"featured_media":0,"parent":0,"menu_order":0,"comment_status":"closed","ping_status":"closed","template":"elementor_header_footer","meta":{"om_disable_all_campaigns":false,"_monsterinsights_skip_tracking":false,"_monsterinsights_sitenote_active":false,"_monsterinsights_sitenote_note":"","_monsterinsights_sitenote_category":0,"_uf_show_specific_survey":0,"_uf_disable_surveys":false,"footnotes":""},"class_list":["post-247","page","type-page","status-publish","hentry"],"aioseo_notices":[],"_links":{"self":[{"href":"https:\/\/analealphotography.com\/pt_br\/wp-json\/wp\/v2\/pages\/247","targetHints":{"allow":["GET"]}}],"collection":[{"href":"https:\/\/analealphotography.com\/pt_br\/wp-json\/wp\/v2\/pages"}],"about":[{"href":"https:\/\/analealphotography.com\/pt_br\/wp-json\/wp\/v2\/types\/page"}],"author":[{"embeddable":true,"href":"https:\/\/analealphotography.com\/pt_br\/wp-json\/wp\/v2\/users\/1"}],"replies":[{"embeddable":true,"href":"https:\/\/analealphotography.com\/pt_br\/wp-json\/wp\/v2\/comments?post=247"}],"version-history":[{"count":28,"href":"https:\/\/analealphotography.com\/pt_br\/wp-json\/wp\/v2\/pages\/247\/revisions"}],"predecessor-version":[{"id":1460,"href":"https:\/\/analealphotography.com\/pt_br\/wp-json\/wp\/v2\/pages\/247\/revisions\/1460"}],"wp:attachment":[{"href":"https:\/\/analealphotography.com\/pt_br\/wp-json\/wp\/v2\/media?parent=247"}],"curies":[{"name":"wp","href":"https:\/\/api.w.org\/{rel}","templated":true}]}}