{"id":1704,"date":"2024-03-03T21:59:05","date_gmt":"2024-03-03T21:59:05","guid":{"rendered":"https:\/\/analealphotography.com\/?page_id=1704"},"modified":"2024-03-04T14:37:22","modified_gmt":"2024-03-04T14:37:22","slug":"menos-pausa","status":"publish","type":"page","link":"https:\/\/analealphotography.com\/pt_br\/menos-pausa\/","title":{"rendered":"Menos Pausa ( 2019 &#8211; )"},"content":{"rendered":"\t\t<div data-elementor-type=\"wp-page\" data-elementor-id=\"1704\" class=\"elementor elementor-1704\" data-elementor-settings=\"{&quot;ha_cmc_init_switcher&quot;:&quot;no&quot;}\">\n\t\t\t\t\t\t<section class=\"elementor-section elementor-top-section elementor-element elementor-element-13ef163 elementor-section-height-min-height elementor-section-full_width elementor-section-stretched elementor-section-height-default elementor-section-items-middle\" data-id=\"13ef163\" data-element_type=\"section\" data-settings=\"{&quot;background_background&quot;:&quot;classic&quot;,&quot;stretch_section&quot;:&quot;section-stretched&quot;,&quot;_ha_eqh_enable&quot;:false}\">\n\t\t\t\t\t\t\t<div class=\"elementor-background-overlay\"><\/div>\n\t\t\t\t\t\t\t<div class=\"elementor-container elementor-column-gap-default\">\n\t\t\t\t\t<div class=\"elementor-column elementor-col-100 elementor-top-column elementor-element elementor-element-9c9bea0\" data-id=\"9c9bea0\" data-element_type=\"column\">\n\t\t\t<div class=\"elementor-widget-wrap elementor-element-populated\">\n\t\t\t\t\t\t<section class=\"elementor-section elementor-inner-section elementor-element elementor-element-fdc200e elementor-section-boxed elementor-section-height-default elementor-section-height-default\" data-id=\"fdc200e\" data-element_type=\"section\" data-settings=\"{&quot;_ha_eqh_enable&quot;:false}\">\n\t\t\t\t\t\t<div class=\"elementor-container elementor-column-gap-default\">\n\t\t\t\t\t<div class=\"elementor-column elementor-col-100 elementor-inner-column elementor-element elementor-element-74c8ce2\" data-id=\"74c8ce2\" data-element_type=\"column\">\n\t\t\t<div class=\"elementor-widget-wrap elementor-element-populated\">\n\t\t\t\t\t\t\t<\/div>\n\t\t<\/div>\n\t\t\t\t\t<\/div>\n\t\t<\/section>\n\t\t\t\t\t<\/div>\n\t\t<\/div>\n\t\t\t\t\t<\/div>\n\t\t<\/section>\n\t\t\t\t<section class=\"elementor-section elementor-top-section elementor-element elementor-element-5b91942 elementor-section-stretched elementor-section-boxed elementor-section-height-default elementor-section-height-default\" data-id=\"5b91942\" data-element_type=\"section\" data-settings=\"{&quot;stretch_section&quot;:&quot;section-stretched&quot;,&quot;_ha_eqh_enable&quot;:false}\">\n\t\t\t\t\t\t<div class=\"elementor-container elementor-column-gap-default\">\n\t\t\t\t\t<div class=\"elementor-column elementor-col-100 elementor-top-column elementor-element elementor-element-ccbe865\" data-id=\"ccbe865\" data-element_type=\"column\">\n\t\t\t<div class=\"elementor-widget-wrap elementor-element-populated\">\n\t\t\t\t\t\t<section class=\"elementor-section elementor-inner-section elementor-element elementor-element-e10f28e elementor-section-boxed elementor-section-height-default elementor-section-height-default\" data-id=\"e10f28e\" data-element_type=\"section\" data-settings=\"{&quot;_ha_eqh_enable&quot;:false}\">\n\t\t\t\t\t\t<div class=\"elementor-container elementor-column-gap-default\">\n\t\t\t\t\t<div class=\"elementor-column elementor-col-100 elementor-inner-column elementor-element elementor-element-26b4293\" data-id=\"26b4293\" data-element_type=\"column\">\n\t\t\t<div class=\"elementor-widget-wrap elementor-element-populated\">\n\t\t\t\t\t\t<div class=\"elementor-element elementor-element-9d459eb elementor-widget-divider--view-line_text elementor-widget-divider--element-align-center elementor-widget elementor-widget-divider\" data-id=\"9d459eb\" data-element_type=\"widget\" data-widget_type=\"divider.default\">\n\t\t\t\t<div class=\"elementor-widget-container\">\n\t\t\t\t\t\t\t<div class=\"elementor-divider\">\n\t\t\t<span class=\"elementor-divider-separator\">\n\t\t\t\t\t\t\t<span class=\"elementor-divider__text elementor-divider__element\">\n\t\t\t\tSOBRE O PROJETO\t\t\t\t<\/span>\n\t\t\t\t\t\t<\/span>\n\t\t<\/div>\n\t\t\t\t\t\t<\/div>\n\t\t\t\t<\/div>\n\t\t\t\t<div class=\"elementor-element elementor-element-39d34cb elementor-widget elementor-widget-text-editor\" data-id=\"39d34cb\" data-element_type=\"widget\" data-widget_type=\"text-editor.default\">\n\t\t\t\t<div class=\"elementor-widget-container\">\n\t\t\t\t\t\t\t\t\t<p class=\"p1\"><i>Menos Pausa<\/i> \u00e9 um projeto de longo prazo composto por imagens onde busco re-conhecer-me, f\u00edsica e metaforicamente, depois de 5 anos convivendo com a menopausa. Neste processo de transforma\u00e7\u00e3o natural, com altos e baixos f\u00edsicos e psicol\u00f3gicos, tem sido marcante\/ dominante a no\u00e7\u00e3o de desaparecimento, tanto pessoal quanto social. Por um lado, \u00e9 como se aquilo que eu entendia como \u201cidentidade\u201d estivesse se desfazendo: passei a desconhecer certos aspectos do meu corpo e do meu comportamento; por outro lado, esse mesmo corpo parece agora invis\u00edvel aos olhares alheios.<\/p><p class=\"p1\">A menopausa infelizmente ainda carrega muitos tabus resultantes de uma perspectiva patriarcal sobre o corpo feminino, marginalizando a mulher madura numa sociedade que valoriza a euforia consumista da eterna juventude. Proponho com este trabalho trazer o tema \u00e0 discuss\u00e3o, utilizando minha pr\u00f3pria voz, que representa a de tantas outras mulheres.<\/p><p class=\"p1\">Para informa\u00e7\u00f5es completas sobre o projeto, enviar e-mail atrav\u00e9s da se\u00e7\u00e3o contato.<\/p>\t\t\t\t\t\t\t\t<\/div>\n\t\t\t\t<\/div>\n\t\t\t\t\t<\/div>\n\t\t<\/div>\n\t\t\t\t\t<\/div>\n\t\t<\/section>\n\t\t\t\t\t<\/div>\n\t\t<\/div>\n\t\t\t\t\t<\/div>\n\t\t<\/section>\n\t\t\t\t<section class=\"elementor-section elementor-top-section elementor-element elementor-element-45ab77c elementor-section-stretched elementor-section-boxed elementor-section-height-default elementor-section-height-default\" data-id=\"45ab77c\" data-element_type=\"section\" data-settings=\"{&quot;stretch_section&quot;:&quot;section-stretched&quot;,&quot;_ha_eqh_enable&quot;:false}\">\n\t\t\t\t\t\t<div class=\"elementor-container elementor-column-gap-default\">\n\t\t\t\t\t<div class=\"elementor-column elementor-col-100 elementor-top-column elementor-element elementor-element-98b5eec\" data-id=\"98b5eec\" data-element_type=\"column\">\n\t\t\t<div class=\"elementor-widget-wrap elementor-element-populated\">\n\t\t\t\t\t\t<div class=\"elementor-element elementor-element-945b449 elementor-widget elementor-widget-gallery\" data-id=\"945b449\" data-element_type=\"widget\" data-settings=\"{&quot;columns&quot;:3,&quot;gap&quot;:{&quot;unit&quot;:&quot;px&quot;,&quot;size&quot;:30,&quot;sizes&quot;:[]},&quot;columns_mobile&quot;:2,&quot;lazyload&quot;:&quot;yes&quot;,&quot;gallery_layout&quot;:&quot;grid&quot;,&quot;columns_tablet&quot;:2,&quot;gap_laptop&quot;:{&quot;unit&quot;:&quot;px&quot;,&quot;size&quot;:10,&quot;sizes&quot;:[]},&quot;gap_tablet&quot;:{&quot;unit&quot;:&quot;px&quot;,&quot;size&quot;:10,&quot;sizes&quot;:[]},&quot;gap_mobile&quot;:{&quot;unit&quot;:&quot;px&quot;,&quot;size&quot;:10,&quot;sizes&quot;:[]},&quot;link_to&quot;:&quot;file&quot;,&quot;aspect_ratio&quot;:&quot;3:2&quot;,&quot;overlay_background&quot;:&quot;yes&quot;,&quot;content_hover_animation&quot;:&quot;fade-in&quot;}\" data-widget_type=\"gallery.default\">\n\t\t\t\t<div class=\"elementor-widget-container\">\n\t\t\t\t\t\t\t<div class=\"elementor-gallery__container\">\n\t\t\t\t\t\t\t<a class=\"e-gallery-item elementor-gallery-item elementor-animated-content\" href=\"https:\/\/analealphotography.com\/wp-content\/uploads\/2024\/03\/Menos-Pausa_01.jpg\" data-elementor-open-lightbox=\"yes\" data-elementor-lightbox-slideshow=\"all-945b449\" data-elementor-lightbox-title=\"Menos Pausa_01\" data-e-action-hash=\"#elementor-action%3Aaction%3Dlightbox%26settings%3DeyJpZCI6MTc5MSwidXJsIjoiaHR0cHM6XC9cL2FuYWxlYWxwaG90b2dyYXBoeS5jb21cL3dwLWNvbnRlbnRcL3VwbG9hZHNcLzIwMjRcLzAzXC9NZW5vcy1QYXVzYV8wMS5qcGciLCJzbGlkZXNob3ciOiJhbGwtOTQ1YjQ0OSJ9\">\n\t\t\t\t\t<div class=\"e-gallery-image elementor-gallery-item__image\" data-thumbnail=\"https:\/\/analealphotography.com\/wp-content\/uploads\/2024\/03\/Menos-Pausa_01.jpg\" data-width=\"2000\" data-height=\"1334\" alt=\"\" ><\/div>\n\t\t\t\t\t\t\t\t\t\t\t<div class=\"elementor-gallery-item__overlay\"><\/div>\n\t\t\t\t\t\t\t\t\t\t\t\t\t\t<\/a>\n\t\t\t\t\t\t\t<a class=\"e-gallery-item elementor-gallery-item elementor-animated-content\" href=\"https:\/\/analealphotography.com\/wp-content\/uploads\/2024\/03\/Menos-Pausa_02.jpg\" data-elementor-open-lightbox=\"yes\" data-elementor-lightbox-slideshow=\"all-945b449\" data-elementor-lightbox-title=\"Menos Pausa_02\" data-e-action-hash=\"#elementor-action%3Aaction%3Dlightbox%26settings%3DeyJpZCI6MTc5MiwidXJsIjoiaHR0cHM6XC9cL2FuYWxlYWxwaG90b2dyYXBoeS5jb21cL3dwLWNvbnRlbnRcL3VwbG9hZHNcLzIwMjRcLzAzXC9NZW5vcy1QYXVzYV8wMi5qcGciLCJzbGlkZXNob3ciOiJhbGwtOTQ1YjQ0OSJ9\">\n\t\t\t\t\t<div class=\"e-gallery-image elementor-gallery-item__image\" data-thumbnail=\"https:\/\/analealphotography.com\/wp-content\/uploads\/2024\/03\/Menos-Pausa_02.jpg\" data-width=\"1500\" data-height=\"1001\" alt=\"\" ><\/div>\n\t\t\t\t\t\t\t\t\t\t\t<div class=\"elementor-gallery-item__overlay\"><\/div>\n\t\t\t\t\t\t\t\t\t\t\t\t\t\t<\/a>\n\t\t\t\t\t\t\t<a class=\"e-gallery-item elementor-gallery-item elementor-animated-content\" href=\"https:\/\/analealphotography.com\/wp-content\/uploads\/2024\/03\/Menos-Pausa_03.jpg\" data-elementor-open-lightbox=\"yes\" data-elementor-lightbox-slideshow=\"all-945b449\" data-elementor-lightbox-title=\"Menos Pausa_03\" data-e-action-hash=\"#elementor-action%3Aaction%3Dlightbox%26settings%3DeyJpZCI6MTc5MywidXJsIjoiaHR0cHM6XC9cL2FuYWxlYWxwaG90b2dyYXBoeS5jb21cL3dwLWNvbnRlbnRcL3VwbG9hZHNcLzIwMjRcLzAzXC9NZW5vcy1QYXVzYV8wMy5qcGciLCJzbGlkZXNob3ciOiJhbGwtOTQ1YjQ0OSJ9\">\n\t\t\t\t\t<div class=\"e-gallery-image elementor-gallery-item__image\" data-thumbnail=\"https:\/\/analealphotography.com\/wp-content\/uploads\/2024\/03\/Menos-Pausa_03.jpg\" data-width=\"1500\" data-height=\"1001\" alt=\"\" ><\/div>\n\t\t\t\t\t\t\t\t\t\t\t<div class=\"elementor-gallery-item__overlay\"><\/div>\n\t\t\t\t\t\t\t\t\t\t\t\t\t\t<\/a>\n\t\t\t\t\t\t\t<a class=\"e-gallery-item elementor-gallery-item elementor-animated-content\" href=\"https:\/\/analealphotography.com\/wp-content\/uploads\/2024\/03\/Menos-Pausa_04.jpg\" data-elementor-open-lightbox=\"yes\" data-elementor-lightbox-slideshow=\"all-945b449\" data-elementor-lightbox-title=\"Menos Pausa_04\" data-e-action-hash=\"#elementor-action%3Aaction%3Dlightbox%26settings%3DeyJpZCI6MTc5NCwidXJsIjoiaHR0cHM6XC9cL2FuYWxlYWxwaG90b2dyYXBoeS5jb21cL3dwLWNvbnRlbnRcL3VwbG9hZHNcLzIwMjRcLzAzXC9NZW5vcy1QYXVzYV8wNC5qcGciLCJzbGlkZXNob3ciOiJhbGwtOTQ1YjQ0OSJ9\">\n\t\t\t\t\t<div class=\"e-gallery-image elementor-gallery-item__image\" data-thumbnail=\"https:\/\/analealphotography.com\/wp-content\/uploads\/2024\/03\/Menos-Pausa_04.jpg\" data-width=\"1000\" data-height=\"667\" alt=\"\" ><\/div>\n\t\t\t\t\t\t\t\t\t\t\t<div class=\"elementor-gallery-item__overlay\"><\/div>\n\t\t\t\t\t\t\t\t\t\t\t\t\t\t<\/a>\n\t\t\t\t\t\t\t<a class=\"e-gallery-item elementor-gallery-item elementor-animated-content\" href=\"https:\/\/analealphotography.com\/wp-content\/uploads\/2024\/03\/Menos-Pausa_05.jpg\" data-elementor-open-lightbox=\"yes\" data-elementor-lightbox-slideshow=\"all-945b449\" data-elementor-lightbox-title=\"Menos Pausa_05\" data-e-action-hash=\"#elementor-action%3Aaction%3Dlightbox%26settings%3DeyJpZCI6MTc5NSwidXJsIjoiaHR0cHM6XC9cL2FuYWxlYWxwaG90b2dyYXBoeS5jb21cL3dwLWNvbnRlbnRcL3VwbG9hZHNcLzIwMjRcLzAzXC9NZW5vcy1QYXVzYV8wNS5qcGciLCJzbGlkZXNob3ciOiJhbGwtOTQ1YjQ0OSJ9\">\n\t\t\t\t\t<div class=\"e-gallery-image elementor-gallery-item__image\" data-thumbnail=\"https:\/\/analealphotography.com\/wp-content\/uploads\/2024\/03\/Menos-Pausa_05.jpg\" data-width=\"700\" data-height=\"467\" alt=\"\" ><\/div>\n\t\t\t\t\t\t\t\t\t\t\t<div class=\"elementor-gallery-item__overlay\"><\/div>\n\t\t\t\t\t\t\t\t\t\t\t\t\t\t<\/a>\n\t\t\t\t\t\t\t<a class=\"e-gallery-item elementor-gallery-item elementor-animated-content\" href=\"https:\/\/analealphotography.com\/wp-content\/uploads\/2024\/03\/Menos-Pausa_06.jpg\" data-elementor-open-lightbox=\"yes\" data-elementor-lightbox-slideshow=\"all-945b449\" data-elementor-lightbox-title=\"Menos Pausa_06\" data-e-action-hash=\"#elementor-action%3Aaction%3Dlightbox%26settings%3DeyJpZCI6MTc5NiwidXJsIjoiaHR0cHM6XC9cL2FuYWxlYWxwaG90b2dyYXBoeS5jb21cL3dwLWNvbnRlbnRcL3VwbG9hZHNcLzIwMjRcLzAzXC9NZW5vcy1QYXVzYV8wNi5qcGciLCJzbGlkZXNob3ciOiJhbGwtOTQ1YjQ0OSJ9\">\n\t\t\t\t\t<div class=\"e-gallery-image elementor-gallery-item__image\" data-thumbnail=\"https:\/\/analealphotography.com\/wp-content\/uploads\/2024\/03\/Menos-Pausa_06.jpg\" data-width=\"2000\" data-height=\"1334\" alt=\"\" ><\/div>\n\t\t\t\t\t\t\t\t\t\t\t<div class=\"elementor-gallery-item__overlay\"><\/div>\n\t\t\t\t\t\t\t\t\t\t\t\t\t\t<\/a>\n\t\t\t\t\t\t\t<a class=\"e-gallery-item elementor-gallery-item elementor-animated-content\" href=\"https:\/\/analealphotography.com\/wp-content\/uploads\/2024\/03\/Menos-Pausa_07.jpg\" data-elementor-open-lightbox=\"yes\" data-elementor-lightbox-slideshow=\"all-945b449\" data-elementor-lightbox-title=\"Menos Pausa_07\" data-e-action-hash=\"#elementor-action%3Aaction%3Dlightbox%26settings%3DeyJpZCI6MTc5NywidXJsIjoiaHR0cHM6XC9cL2FuYWxlYWxwaG90b2dyYXBoeS5jb21cL3dwLWNvbnRlbnRcL3VwbG9hZHNcLzIwMjRcLzAzXC9NZW5vcy1QYXVzYV8wNy5qcGciLCJzbGlkZXNob3ciOiJhbGwtOTQ1YjQ0OSJ9\">\n\t\t\t\t\t<div class=\"e-gallery-image elementor-gallery-item__image\" data-thumbnail=\"https:\/\/analealphotography.com\/wp-content\/uploads\/2024\/03\/Menos-Pausa_07.jpg\" data-width=\"1500\" data-height=\"1001\" alt=\"\" ><\/div>\n\t\t\t\t\t\t\t\t\t\t\t<div class=\"elementor-gallery-item__overlay\"><\/div>\n\t\t\t\t\t\t\t\t\t\t\t\t\t\t<\/a>\n\t\t\t\t\t\t\t<a class=\"e-gallery-item elementor-gallery-item elementor-animated-content\" href=\"https:\/\/analealphotography.com\/wp-content\/uploads\/2024\/03\/Menos-Pausa_08.jpg\" data-elementor-open-lightbox=\"yes\" data-elementor-lightbox-slideshow=\"all-945b449\" data-elementor-lightbox-title=\"Menos Pausa_08\" data-e-action-hash=\"#elementor-action%3Aaction%3Dlightbox%26settings%3DeyJpZCI6MTc5OCwidXJsIjoiaHR0cHM6XC9cL2FuYWxlYWxwaG90b2dyYXBoeS5jb21cL3dwLWNvbnRlbnRcL3VwbG9hZHNcLzIwMjRcLzAzXC9NZW5vcy1QYXVzYV8wOC5qcGciLCJzbGlkZXNob3ciOiJhbGwtOTQ1YjQ0OSJ9\">\n\t\t\t\t\t<div class=\"e-gallery-image elementor-gallery-item__image\" data-thumbnail=\"https:\/\/analealphotography.com\/wp-content\/uploads\/2024\/03\/Menos-Pausa_08.jpg\" data-width=\"1500\" data-height=\"1125\" alt=\"\" ><\/div>\n\t\t\t\t\t\t\t\t\t\t\t<div class=\"elementor-gallery-item__overlay\"><\/div>\n\t\t\t\t\t\t\t\t\t\t\t\t\t\t<\/a>\n\t\t\t\t\t\t\t<a class=\"e-gallery-item elementor-gallery-item elementor-animated-content\" href=\"https:\/\/analealphotography.com\/wp-content\/uploads\/2024\/03\/Menos-Pausa_09.jpg\" data-elementor-open-lightbox=\"yes\" data-elementor-lightbox-slideshow=\"all-945b449\" data-elementor-lightbox-title=\"Menos Pausa_09\" data-e-action-hash=\"#elementor-action%3Aaction%3Dlightbox%26settings%3DeyJpZCI6MTc5OSwidXJsIjoiaHR0cHM6XC9cL2FuYWxlYWxwaG90b2dyYXBoeS5jb21cL3dwLWNvbnRlbnRcL3VwbG9hZHNcLzIwMjRcLzAzXC9NZW5vcy1QYXVzYV8wOS5qcGciLCJzbGlkZXNob3ciOiJhbGwtOTQ1YjQ0OSJ9\">\n\t\t\t\t\t<div class=\"e-gallery-image elementor-gallery-item__image\" data-thumbnail=\"https:\/\/analealphotography.com\/wp-content\/uploads\/2024\/03\/Menos-Pausa_09.jpg\" data-width=\"1500\" data-height=\"1125\" alt=\"\" ><\/div>\n\t\t\t\t\t\t\t\t\t\t\t<div class=\"elementor-gallery-item__overlay\"><\/div>\n\t\t\t\t\t\t\t\t\t\t\t\t\t\t<\/a>\n\t\t\t\t\t<\/div>\n\t\t\t\t\t<\/div>\n\t\t\t\t<\/div>\n\t\t\t\t\t<\/div>\n\t\t<\/div>\n\t\t\t\t\t<\/div>\n\t\t<\/section>\n\t\t\t\t<\/div>\n\t\t","protected":false},"excerpt":{"rendered":"<p>SOBRE O PROJETO Menos Pausa \u00e9 um projeto de longo prazo composto por imagens onde busco re-conhecer-me, f\u00edsica e metaforicamente, depois de 5 anos convivendo com a menopausa. Neste processo de transforma\u00e7\u00e3o natural, com altos e baixos f\u00edsicos e psicol\u00f3gicos, tem sido marcante\/ dominante a no\u00e7\u00e3o de desaparecimento, tanto pessoal quanto social. Por um lado, \u00e9 como se aquilo que eu entendia como \u201cidentidade\u201d estivesse se desfazendo: passei a desconhecer certos aspectos do meu corpo e do meu comportamento; por [&hellip;]<\/p>\n","protected":false},"author":1,"featured_media":0,"parent":0,"menu_order":0,"comment_status":"closed","ping_status":"closed","template":"elementor_header_footer","meta":{"om_disable_all_campaigns":false,"_monsterinsights_skip_tracking":false,"_monsterinsights_sitenote_active":false,"_monsterinsights_sitenote_note":"","_monsterinsights_sitenote_category":0,"_uf_show_specific_survey":0,"_uf_disable_surveys":false,"footnotes":""},"class_list":["post-1704","page","type-page","status-publish","hentry"],"aioseo_notices":[],"_links":{"self":[{"href":"https:\/\/analealphotography.com\/pt_br\/wp-json\/wp\/v2\/pages\/1704","targetHints":{"allow":["GET"]}}],"collection":[{"href":"https:\/\/analealphotography.com\/pt_br\/wp-json\/wp\/v2\/pages"}],"about":[{"href":"https:\/\/analealphotography.com\/pt_br\/wp-json\/wp\/v2\/types\/page"}],"author":[{"embeddable":true,"href":"https:\/\/analealphotography.com\/pt_br\/wp-json\/wp\/v2\/users\/1"}],"replies":[{"embeddable":true,"href":"https:\/\/analealphotography.com\/pt_br\/wp-json\/wp\/v2\/comments?post=1704"}],"version-history":[{"count":13,"href":"https:\/\/analealphotography.com\/pt_br\/wp-json\/wp\/v2\/pages\/1704\/revisions"}],"predecessor-version":[{"id":1805,"href":"https:\/\/analealphotography.com\/pt_br\/wp-json\/wp\/v2\/pages\/1704\/revisions\/1805"}],"wp:attachment":[{"href":"https:\/\/analealphotography.com\/pt_br\/wp-json\/wp\/v2\/media?parent=1704"}],"curies":[{"name":"wp","href":"https:\/\/api.w.org\/{rel}","templated":true}]}}