{"id":530,"date":"2022-04-08T20:34:18","date_gmt":"2022-04-08T20:34:18","guid":{"rendered":"https:\/\/analealphotography.com\/?page_id=530"},"modified":"2022-07-20T19:00:13","modified_gmt":"2022-07-20T19:00:13","slug":"dos-interludios-que-nao-vimos-20-21","status":"publish","type":"page","link":"https:\/\/analealphotography.com\/en\/dos-interludios-que-nao-vimos-20-21\/","title":{"rendered":"The Interludes Not Seen ( 2020 - 2021 )"},"content":{"rendered":"<div data-elementor-type=\"wp-page\" data-elementor-id=\"530\" class=\"elementor elementor-530\" data-elementor-settings=\"{&quot;ha_cmc_init_switcher&quot;:&quot;no&quot;}\">\n\t\t\t\t\t\t<section class=\"elementor-section elementor-top-section elementor-element elementor-element-1885ce42 elementor-section-height-min-height elementor-section-full_width elementor-section-stretched elementor-section-height-default elementor-section-items-middle\" data-id=\"1885ce42\" data-element_type=\"section\" data-settings=\"{&quot;background_background&quot;:&quot;classic&quot;,&quot;stretch_section&quot;:&quot;section-stretched&quot;,&quot;_ha_eqh_enable&quot;:false}\">\n\t\t\t\t\t\t\t<div class=\"elementor-background-overlay\"><\/div>\n\t\t\t\t\t\t\t<div class=\"elementor-container elementor-column-gap-default\">\n\t\t\t\t\t<div class=\"elementor-column elementor-col-100 elementor-top-column elementor-element elementor-element-3b5ef864\" data-id=\"3b5ef864\" data-element_type=\"column\">\n\t\t\t<div class=\"elementor-widget-wrap elementor-element-populated\">\n\t\t\t\t\t\t<section class=\"elementor-section elementor-inner-section elementor-element elementor-element-201191e8 elementor-section-boxed elementor-section-height-default elementor-section-height-default\" data-id=\"201191e8\" data-element_type=\"section\" data-settings=\"{&quot;_ha_eqh_enable&quot;:false}\">\n\t\t\t\t\t\t<div class=\"elementor-container elementor-column-gap-default\">\n\t\t\t\t\t<div class=\"elementor-column elementor-col-100 elementor-inner-column elementor-element elementor-element-50d4b0e4\" data-id=\"50d4b0e4\" data-element_type=\"column\">\n\t\t\t<div class=\"elementor-widget-wrap elementor-element-populated\">\n\t\t\t\t\t\t\t<\/div>\n\t\t<\/div>\n\t\t\t\t\t<\/div>\n\t\t<\/section>\n\t\t\t\t\t<\/div>\n\t\t<\/div>\n\t\t\t\t\t<\/div>\n\t\t<\/section>\n\t\t\t\t<section class=\"elementor-section elementor-top-section elementor-element elementor-element-42d07277 elementor-section-stretched elementor-section-boxed elementor-section-height-default elementor-section-height-default\" data-id=\"42d07277\" data-element_type=\"section\" data-settings=\"{&quot;stretch_section&quot;:&quot;section-stretched&quot;,&quot;_ha_eqh_enable&quot;:false}\">\n\t\t\t\t\t\t<div class=\"elementor-container elementor-column-gap-default\">\n\t\t\t\t\t<div class=\"elementor-column elementor-col-100 elementor-top-column elementor-element elementor-element-3a5b4dc3\" data-id=\"3a5b4dc3\" data-element_type=\"column\">\n\t\t\t<div class=\"elementor-widget-wrap elementor-element-populated\">\n\t\t\t\t\t\t<section class=\"elementor-section elementor-inner-section elementor-element elementor-element-4bb72b26 elementor-section-boxed elementor-section-height-default elementor-section-height-default\" data-id=\"4bb72b26\" data-element_type=\"section\" data-settings=\"{&quot;_ha_eqh_enable&quot;:false}\">\n\t\t\t\t\t\t<div class=\"elementor-container elementor-column-gap-default\">\n\t\t\t\t\t<div class=\"elementor-column elementor-col-100 elementor-inner-column elementor-element elementor-element-2c6139a8\" data-id=\"2c6139a8\" data-element_type=\"column\">\n\t\t\t<div class=\"elementor-widget-wrap elementor-element-populated\">\n\t\t\t\t\t\t<div class=\"elementor-element elementor-element-16d66769 elementor-widget-divider--view-line_text elementor-widget-divider--element-align-center elementor-widget elementor-widget-divider\" data-id=\"16d66769\" data-element_type=\"widget\" data-widget_type=\"divider.default\">\n\t\t\t\t<div class=\"elementor-widget-container\">\n\t\t\t\t\t\t\t<div class=\"elementor-divider\">\n\t\t\t<span class=\"elementor-divider-separator\">\n\t\t\t\t\t\t\t<span class=\"elementor-divider__text elementor-divider__element\">\n\t\t\t\tABOUT THE PROJECT\t\t\t\t<\/span>\n\t\t\t\t\t\t<\/span>\n\t\t<\/div>\n\t\t\t\t\t\t<\/div>\n\t\t\t\t<\/div>\n\t\t\t\t<div class=\"elementor-element elementor-element-266b2adc elementor-widget elementor-widget-text-editor\" data-id=\"266b2adc\" data-element_type=\"widget\" data-widget_type=\"text-editor.default\">\n\t\t\t\t<div class=\"elementor-widget-container\">\n\t\t\t\t\t\t\t\t\t<p class=\"translation-block\">The project entitled The interludes not seen fundamentally addresses memory and the cycles of life. By revisiting my archives and looking at images from recent years, studying the relationships between my older and current images, I was confronted with the eternal decay of time and attracted by the reminiscences.<\/p><p>Reminiscences give a unique aura to objects that remain inside a house when the people who used them are no longer there, as if these objects entered a kind of suspension. Asking myself about these lapses circumscribed in the cycles of life, I searched images that captured the enchantments of nature, the eternal blossoming of everything that insists on thriving when everything seemed to be heading towards finitude.<\/p><p>My intention with this body of work was to create metaphors about the life cycles, composing diptychs with images that triggered in me strong emotions and images that capture the intermittent pulsation of the universe. A constant dialogue between nature and humankind.<\/p><p><em>The Interl<\/em><em>o<\/em><em>des<\/em> \u00a0is a series of 6 diptychs. Each diptych is produced in an edition of 13 + 2 AP for a total edition of 15.<\/p><p>This body of work is printed on Archival paper Hahnemuhle Photo Rag Baryta with archival ink. Each piece is mounted on aluminum with no espace between the images.<\/p><p>There are two print sizes : 16,5\u201d x 48\u201d ( 8 ), 24\u201dx 72\u201d( 5 ) plus 2 artist proofs.<\/p>\t\t\t\t\t\t\t\t<\/div>\n\t\t\t\t<\/div>\n\t\t\t\t\t<\/div>\n\t\t<\/div>\n\t\t\t\t\t<\/div>\n\t\t<\/section>\n\t\t\t\t\t<\/div>\n\t\t<\/div>\n\t\t\t\t\t<\/div>\n\t\t<\/section>\n\t\t\t\t<section class=\"elementor-section elementor-top-section elementor-element elementor-element-4b9b4b7b elementor-section-stretched elementor-section-boxed elementor-section-height-default elementor-section-height-default\" data-id=\"4b9b4b7b\" data-element_type=\"section\" data-settings=\"{&quot;stretch_section&quot;:&quot;section-stretched&quot;,&quot;_ha_eqh_enable&quot;:false}\">\n\t\t\t\t\t\t<div class=\"elementor-container elementor-column-gap-default\">\n\t\t\t\t\t<div class=\"elementor-column elementor-col-100 elementor-top-column elementor-element elementor-element-30055f0\" data-id=\"30055f0\" data-element_type=\"column\">\n\t\t\t<div class=\"elementor-widget-wrap elementor-element-populated\">\n\t\t\t\t\t\t<div class=\"elementor-element elementor-element-3e4b59d0 elementor-widget elementor-widget-gallery\" data-id=\"3e4b59d0\" data-element_type=\"widget\" data-settings=\"{&quot;columns&quot;:2,&quot;gap&quot;:{&quot;unit&quot;:&quot;px&quot;,&quot;size&quot;:30,&quot;sizes&quot;:[]},&quot;gallery_layout&quot;:&quot;masonry&quot;,&quot;lazyload&quot;:&quot;yes&quot;,&quot;columns_tablet&quot;:2,&quot;columns_mobile&quot;:1,&quot;gap_laptop&quot;:{&quot;unit&quot;:&quot;px&quot;,&quot;size&quot;:10,&quot;sizes&quot;:[]},&quot;gap_tablet&quot;:{&quot;unit&quot;:&quot;px&quot;,&quot;size&quot;:10,&quot;sizes&quot;:[]},&quot;gap_mobile&quot;:{&quot;unit&quot;:&quot;px&quot;,&quot;size&quot;:10,&quot;sizes&quot;:[]},&quot;link_to&quot;:&quot;file&quot;,&quot;overlay_background&quot;:&quot;yes&quot;,&quot;content_hover_animation&quot;:&quot;fade-in&quot;}\" data-widget_type=\"gallery.default\">\n\t\t\t\t<div class=\"elementor-widget-container\">\n\t\t\t\t\t\t\t<div class=\"elementor-gallery__container\">\n\t\t\t\t\t\t\t<a class=\"e-gallery-item elementor-gallery-item elementor-animated-content\" href=\"https:\/\/analealphotography.com\/wp-content\/uploads\/2022\/04\/Interludios-Interludes-01.jpg\" data-elementor-open-lightbox=\"yes\" data-elementor-lightbox-slideshow=\"all-3e4b59d0\" data-elementor-lightbox-title=\"Interludios : Interludes #01\" data-e-action-hash=\"#elementor-action%3Aaction%3Dlightbox%26settings%3DeyJpZCI6NjY2LCJ1cmwiOiJodHRwczpcL1wvYW5hbGVhbHBob3RvZ3JhcGh5LmNvbVwvd3AtY29udGVudFwvdXBsb2Fkc1wvMjAyMlwvMDRcL0ludGVybHVkaW9zLUludGVybHVkZXMtMDEuanBnIiwic2xpZGVzaG93IjoiYWxsLTNlNGI1OWQwIn0%3D\">\n\t\t\t\t\t<div class=\"e-gallery-image elementor-gallery-item__image\" data-thumbnail=\"https:\/\/analealphotography.com\/wp-content\/uploads\/2022\/04\/Interludios-Interludes-01.jpg\" data-width=\"2000\" data-height=\"667\" alt=\"\" ><\/div>\n\t\t\t\t\t\t\t\t\t\t\t<div class=\"elementor-gallery-item__overlay\"><\/div>\n\t\t\t\t\t\t\t\t\t\t\t\t\t\t<\/a>\n\t\t\t\t\t\t\t<a class=\"e-gallery-item elementor-gallery-item elementor-animated-content\" href=\"https:\/\/analealphotography.com\/wp-content\/uploads\/2022\/04\/Interludios-Interludes-02.jpg\" data-elementor-open-lightbox=\"yes\" data-elementor-lightbox-slideshow=\"all-3e4b59d0\" data-elementor-lightbox-title=\"Interludios : Interludes #02\" data-e-action-hash=\"#elementor-action%3Aaction%3Dlightbox%26settings%3DeyJpZCI6NjY3LCJ1cmwiOiJodHRwczpcL1wvYW5hbGVhbHBob3RvZ3JhcGh5LmNvbVwvd3AtY29udGVudFwvdXBsb2Fkc1wvMjAyMlwvMDRcL0ludGVybHVkaW9zLUludGVybHVkZXMtMDIuanBnIiwic2xpZGVzaG93IjoiYWxsLTNlNGI1OWQwIn0%3D\">\n\t\t\t\t\t<div class=\"e-gallery-image elementor-gallery-item__image\" data-thumbnail=\"https:\/\/analealphotography.com\/wp-content\/uploads\/2022\/04\/Interludios-Interludes-02.jpg\" data-width=\"2000\" data-height=\"667\" alt=\"\" ><\/div>\n\t\t\t\t\t\t\t\t\t\t\t<div class=\"elementor-gallery-item__overlay\"><\/div>\n\t\t\t\t\t\t\t\t\t\t\t\t\t\t<\/a>\n\t\t\t\t\t\t\t<a class=\"e-gallery-item elementor-gallery-item elementor-animated-content\" href=\"https:\/\/analealphotography.com\/wp-content\/uploads\/2022\/04\/Interludios-Interludes-03.jpg\" data-elementor-open-lightbox=\"yes\" data-elementor-lightbox-slideshow=\"all-3e4b59d0\" data-elementor-lightbox-title=\"Interludios : Interludes #03\" data-e-action-hash=\"#elementor-action%3Aaction%3Dlightbox%26settings%3DeyJpZCI6NjY4LCJ1cmwiOiJodHRwczpcL1wvYW5hbGVhbHBob3RvZ3JhcGh5LmNvbVwvd3AtY29udGVudFwvdXBsb2Fkc1wvMjAyMlwvMDRcL0ludGVybHVkaW9zLUludGVybHVkZXMtMDMuanBnIiwic2xpZGVzaG93IjoiYWxsLTNlNGI1OWQwIn0%3D\">\n\t\t\t\t\t<div class=\"e-gallery-image elementor-gallery-item__image\" data-thumbnail=\"https:\/\/analealphotography.com\/wp-content\/uploads\/2022\/04\/Interludios-Interludes-03.jpg\" data-width=\"2000\" data-height=\"667\" alt=\"\" ><\/div>\n\t\t\t\t\t\t\t\t\t\t\t<div class=\"elementor-gallery-item__overlay\"><\/div>\n\t\t\t\t\t\t\t\t\t\t\t\t\t\t<\/a>\n\t\t\t\t\t\t\t<a class=\"e-gallery-item elementor-gallery-item elementor-animated-content\" href=\"https:\/\/analealphotography.com\/wp-content\/uploads\/2022\/04\/Interludios-Interludes-04-1.jpg\" data-elementor-open-lightbox=\"yes\" data-elementor-lightbox-slideshow=\"all-3e4b59d0\" data-elementor-lightbox-title=\"Interludios : Interludes #04\" data-e-action-hash=\"#elementor-action%3Aaction%3Dlightbox%26settings%3DeyJpZCI6NjY5LCJ1cmwiOiJodHRwczpcL1wvYW5hbGVhbHBob3RvZ3JhcGh5LmNvbVwvd3AtY29udGVudFwvdXBsb2Fkc1wvMjAyMlwvMDRcL0ludGVybHVkaW9zLUludGVybHVkZXMtMDQtMS5qcGciLCJzbGlkZXNob3ciOiJhbGwtM2U0YjU5ZDAifQ%3D%3D\">\n\t\t\t\t\t<div class=\"e-gallery-image elementor-gallery-item__image\" data-thumbnail=\"https:\/\/analealphotography.com\/wp-content\/uploads\/2022\/04\/Interludios-Interludes-04-1.jpg\" data-width=\"2000\" data-height=\"667\" alt=\"\" ><\/div>\n\t\t\t\t\t\t\t\t\t\t\t<div class=\"elementor-gallery-item__overlay\"><\/div>\n\t\t\t\t\t\t\t\t\t\t\t\t\t\t<\/a>\n\t\t\t\t\t\t\t<a class=\"e-gallery-item elementor-gallery-item elementor-animated-content\" href=\"https:\/\/analealphotography.com\/wp-content\/uploads\/2022\/04\/Interludios-Interludes-05.jpg\" data-elementor-open-lightbox=\"yes\" data-elementor-lightbox-slideshow=\"all-3e4b59d0\" data-elementor-lightbox-title=\"Interludios : Interludes #05\" data-e-action-hash=\"#elementor-action%3Aaction%3Dlightbox%26settings%3DeyJpZCI6NjcwLCJ1cmwiOiJodHRwczpcL1wvYW5hbGVhbHBob3RvZ3JhcGh5LmNvbVwvd3AtY29udGVudFwvdXBsb2Fkc1wvMjAyMlwvMDRcL0ludGVybHVkaW9zLUludGVybHVkZXMtMDUuanBnIiwic2xpZGVzaG93IjoiYWxsLTNlNGI1OWQwIn0%3D\">\n\t\t\t\t\t<div class=\"e-gallery-image elementor-gallery-item__image\" data-thumbnail=\"https:\/\/analealphotography.com\/wp-content\/uploads\/2022\/04\/Interludios-Interludes-05.jpg\" data-width=\"2000\" data-height=\"667\" alt=\"\" ><\/div>\n\t\t\t\t\t\t\t\t\t\t\t<div class=\"elementor-gallery-item__overlay\"><\/div>\n\t\t\t\t\t\t\t\t\t\t\t\t\t\t<\/a>\n\t\t\t\t\t\t\t<a class=\"e-gallery-item elementor-gallery-item elementor-animated-content\" href=\"https:\/\/analealphotography.com\/wp-content\/uploads\/2022\/04\/Interludios-Interludes-06.jpg\" data-elementor-open-lightbox=\"yes\" data-elementor-lightbox-slideshow=\"all-3e4b59d0\" data-elementor-lightbox-title=\"Interludios : Interludes #06\" data-e-action-hash=\"#elementor-action%3Aaction%3Dlightbox%26settings%3DeyJpZCI6NjcxLCJ1cmwiOiJodHRwczpcL1wvYW5hbGVhbHBob3RvZ3JhcGh5LmNvbVwvd3AtY29udGVudFwvdXBsb2Fkc1wvMjAyMlwvMDRcL0ludGVybHVkaW9zLUludGVybHVkZXMtMDYuanBnIiwic2xpZGVzaG93IjoiYWxsLTNlNGI1OWQwIn0%3D\">\n\t\t\t\t\t<div class=\"e-gallery-image elementor-gallery-item__image\" data-thumbnail=\"https:\/\/analealphotography.com\/wp-content\/uploads\/2022\/04\/Interludios-Interludes-06.jpg\" data-width=\"2000\" data-height=\"667\" alt=\"\" ><\/div>\n\t\t\t\t\t\t\t\t\t\t\t<div class=\"elementor-gallery-item__overlay\"><\/div>\n\t\t\t\t\t\t\t\t\t\t\t\t\t\t<\/a>\n\t\t\t\t\t\t\t<a class=\"e-gallery-item elementor-gallery-item elementor-animated-content\" href=\"https:\/\/analealphotography.com\/wp-content\/uploads\/2022\/04\/Interludios-Interludes-07.jpg\" data-elementor-open-lightbox=\"yes\" data-elementor-lightbox-slideshow=\"all-3e4b59d0\" data-elementor-lightbox-title=\"Interludios : Interludes #07\" data-e-action-hash=\"#elementor-action%3Aaction%3Dlightbox%26settings%3DeyJpZCI6NjcyLCJ1cmwiOiJodHRwczpcL1wvYW5hbGVhbHBob3RvZ3JhcGh5LmNvbVwvd3AtY29udGVudFwvdXBsb2Fkc1wvMjAyMlwvMDRcL0ludGVybHVkaW9zLUludGVybHVkZXMtMDcuanBnIiwic2xpZGVzaG93IjoiYWxsLTNlNGI1OWQwIn0%3D\">\n\t\t\t\t\t<div class=\"e-gallery-image elementor-gallery-item__image\" data-thumbnail=\"https:\/\/analealphotography.com\/wp-content\/uploads\/2022\/04\/Interludios-Interludes-07.jpg\" data-width=\"2000\" data-height=\"667\" alt=\"\" ><\/div>\n\t\t\t\t\t\t\t\t\t\t\t<div class=\"elementor-gallery-item__overlay\"><\/div>\n\t\t\t\t\t\t\t\t\t\t\t\t\t\t<\/a>\n\t\t\t\t\t<\/div>\n\t\t\t\t\t<\/div>\n\t\t\t\t<\/div>\n\t\t\t\t\t<\/div>\n\t\t<\/div>\n\t\t\t\t\t<\/div>\n\t\t<\/section>\n\t\t\t\t<\/div>","protected":false},"excerpt":{"rendered":"<p>SOBRE O PROJETO O projeto intitulado Dos interl\u00fadios que n\u00e3o vimos aborda fundamentalmente a mem\u00f3ria e os ciclos da vida. Ao revisitar meus arquivos e olhar imagens dos \u00faltimos anos, estudando as rela\u00e7\u00f5es entre minhas imagens mais antigas e atuais, fui confrontada com a eterna decad\u00eancia do tempo e atra\u00edda pelas reminisc\u00eancias. As reminisc\u00eancias conferem uma aura \u00fanica aos objetos que permanecem dentro de uma casa quando as pessoas que os usaram n\u00e3o est\u00e3o mais l\u00e1, como se esses objetos [&hellip;]<\/p>","protected":false},"author":1,"featured_media":0,"parent":0,"menu_order":0,"comment_status":"closed","ping_status":"closed","template":"elementor_header_footer","meta":{"om_disable_all_campaigns":false,"_monsterinsights_skip_tracking":false,"_monsterinsights_sitenote_active":false,"_monsterinsights_sitenote_note":"","_monsterinsights_sitenote_category":0,"_uf_show_specific_survey":0,"_uf_disable_surveys":false,"footnotes":""},"class_list":["post-530","page","type-page","status-publish","hentry"],"aioseo_notices":[],"_links":{"self":[{"href":"https:\/\/analealphotography.com\/en\/wp-json\/wp\/v2\/pages\/530","targetHints":{"allow":["GET"]}}],"collection":[{"href":"https:\/\/analealphotography.com\/en\/wp-json\/wp\/v2\/pages"}],"about":[{"href":"https:\/\/analealphotography.com\/en\/wp-json\/wp\/v2\/types\/page"}],"author":[{"embeddable":true,"href":"https:\/\/analealphotography.com\/en\/wp-json\/wp\/v2\/users\/1"}],"replies":[{"embeddable":true,"href":"https:\/\/analealphotography.com\/en\/wp-json\/wp\/v2\/comments?post=530"}],"version-history":[{"count":66,"href":"https:\/\/analealphotography.com\/en\/wp-json\/wp\/v2\/pages\/530\/revisions"}],"predecessor-version":[{"id":1593,"href":"https:\/\/analealphotography.com\/en\/wp-json\/wp\/v2\/pages\/530\/revisions\/1593"}],"wp:attachment":[{"href":"https:\/\/analealphotography.com\/en\/wp-json\/wp\/v2\/media?parent=530"}],"curies":[{"name":"wp","href":"https:\/\/api.w.org\/{rel}","templated":true}]}}