{"id":528,"date":"2022-04-08T20:33:58","date_gmt":"2022-04-08T20:33:58","guid":{"rendered":"https:\/\/analealphotography.com\/?page_id=528"},"modified":"2022-04-14T18:37:50","modified_gmt":"2022-04-14T18:37:50","slug":"realidade-concreta","status":"publish","type":"page","link":"https:\/\/analealphotography.com\/en\/realidade-concreta\/","title":{"rendered":"Concrete Reality ( 2016 - 2017 )"},"content":{"rendered":"<div data-elementor-type=\"wp-page\" data-elementor-id=\"528\" class=\"elementor elementor-528\" data-elementor-settings=\"{&quot;ha_cmc_init_switcher&quot;:&quot;no&quot;}\">\n\t\t\t\t\t\t<section class=\"elementor-section elementor-top-section elementor-element elementor-element-45f07293 elementor-section-height-min-height elementor-section-full_width elementor-section-stretched elementor-section-height-default elementor-section-items-middle\" data-id=\"45f07293\" data-element_type=\"section\" data-settings=\"{&quot;background_background&quot;:&quot;classic&quot;,&quot;stretch_section&quot;:&quot;section-stretched&quot;,&quot;_ha_eqh_enable&quot;:false}\">\n\t\t\t\t\t\t\t<div class=\"elementor-background-overlay\"><\/div>\n\t\t\t\t\t\t\t<div class=\"elementor-container elementor-column-gap-default\">\n\t\t\t\t\t<div class=\"elementor-column elementor-col-100 elementor-top-column elementor-element elementor-element-586100bd\" data-id=\"586100bd\" data-element_type=\"column\">\n\t\t\t<div class=\"elementor-widget-wrap elementor-element-populated\">\n\t\t\t\t\t\t<section class=\"elementor-section elementor-inner-section elementor-element elementor-element-781484e8 elementor-section-boxed elementor-section-height-default elementor-section-height-default\" data-id=\"781484e8\" data-element_type=\"section\" data-settings=\"{&quot;_ha_eqh_enable&quot;:false}\">\n\t\t\t\t\t\t<div class=\"elementor-container elementor-column-gap-default\">\n\t\t\t\t\t<div class=\"elementor-column elementor-col-100 elementor-inner-column elementor-element elementor-element-3a22e0de\" data-id=\"3a22e0de\" data-element_type=\"column\">\n\t\t\t<div class=\"elementor-widget-wrap elementor-element-populated\">\n\t\t\t\t\t\t\t<\/div>\n\t\t<\/div>\n\t\t\t\t\t<\/div>\n\t\t<\/section>\n\t\t\t\t\t<\/div>\n\t\t<\/div>\n\t\t\t\t\t<\/div>\n\t\t<\/section>\n\t\t\t\t<section class=\"elementor-section elementor-top-section elementor-element elementor-element-6c22c91 elementor-section-stretched elementor-section-boxed elementor-section-height-default elementor-section-height-default\" data-id=\"6c22c91\" data-element_type=\"section\" data-settings=\"{&quot;stretch_section&quot;:&quot;section-stretched&quot;,&quot;_ha_eqh_enable&quot;:false}\">\n\t\t\t\t\t\t<div class=\"elementor-container elementor-column-gap-default\">\n\t\t\t\t\t<div class=\"elementor-column elementor-col-100 elementor-top-column elementor-element elementor-element-33f725f3\" data-id=\"33f725f3\" data-element_type=\"column\">\n\t\t\t<div class=\"elementor-widget-wrap elementor-element-populated\">\n\t\t\t\t\t\t<section class=\"elementor-section elementor-inner-section elementor-element elementor-element-42a2d631 elementor-section-boxed elementor-section-height-default elementor-section-height-default\" data-id=\"42a2d631\" data-element_type=\"section\" data-settings=\"{&quot;_ha_eqh_enable&quot;:false}\">\n\t\t\t\t\t\t<div class=\"elementor-container elementor-column-gap-default\">\n\t\t\t\t\t<div class=\"elementor-column elementor-col-100 elementor-inner-column elementor-element elementor-element-7c8a2820\" data-id=\"7c8a2820\" data-element_type=\"column\">\n\t\t\t<div class=\"elementor-widget-wrap elementor-element-populated\">\n\t\t\t\t\t\t<div class=\"elementor-element elementor-element-6154929c elementor-widget-divider--view-line_text elementor-widget-divider--element-align-center elementor-widget elementor-widget-divider\" data-id=\"6154929c\" data-element_type=\"widget\" data-widget_type=\"divider.default\">\n\t\t\t\t<div class=\"elementor-widget-container\">\n\t\t\t\t\t\t\t<div class=\"elementor-divider\">\n\t\t\t<span class=\"elementor-divider-separator\">\n\t\t\t\t\t\t\t<span class=\"elementor-divider__text elementor-divider__element\">\n\t\t\t\tABOUT THE PROJECT\t\t\t\t<\/span>\n\t\t\t\t\t\t<\/span>\n\t\t<\/div>\n\t\t\t\t\t\t<\/div>\n\t\t\t\t<\/div>\n\t\t\t\t<div class=\"elementor-element elementor-element-3374deb4 elementor-widget elementor-widget-text-editor\" data-id=\"3374deb4\" data-element_type=\"widget\" data-widget_type=\"text-editor.default\">\n\t\t\t\t<div class=\"elementor-widget-container\">\n\t\t\t\t\t\t\t\t\t<p class=\"s3\"><span class=\"s4\">The set of images from the Concrete Reality series portrays architectural structures or everyday objects, highlighting their geometric lines. A study of forms and a tribute to concretism in photography.<\/span><\/p>\n<p class=\"s3\"><span class=\"s4\">Linhas bem definidas, a escolha pelo preto e branco e o uso de um alto contraste visam destacar estas formas e atingir um certo grau de abstra\u00e7\u00e3o.<\/span><\/p>\n<p><span class=\"s5\">Concrete Reality<\/span><span class=\"s4\"> is a s<\/span><span class=\"s4\">eries composed by 9 <\/span><span class=\"s4\">images. Each piece <\/span><span class=\"s4\">e <\/span><span class=\"s4\">produced in an edition of 13 + 2 AP for a total edition of 15.<\/span><\/p>\n<p><span class=\"s4\">This body of work <\/span><span class=\"s4\">e <\/span><span class=\"s4\">printed on Archival paper Hahnem\u00fchle Photo Rag Baryta with archival ink.<\/span><\/p>\n<p class=\"translation-block\"><span class=\"s4\"> There are two print sizes : 16\u201d x 24\u201d ( 10 ), 30\u201dx 42\u201d( 3 ) plus 2 artist proofs. <\/span><\/p>\t\t\t\t\t\t\t\t<\/div>\n\t\t\t\t<\/div>\n\t\t\t\t\t<\/div>\n\t\t<\/div>\n\t\t\t\t\t<\/div>\n\t\t<\/section>\n\t\t\t\t\t<\/div>\n\t\t<\/div>\n\t\t\t\t\t<\/div>\n\t\t<\/section>\n\t\t\t\t<section class=\"elementor-section elementor-top-section elementor-element elementor-element-c963133 elementor-section-stretched elementor-section-boxed elementor-section-height-default elementor-section-height-default\" data-id=\"c963133\" data-element_type=\"section\" data-settings=\"{&quot;stretch_section&quot;:&quot;section-stretched&quot;,&quot;_ha_eqh_enable&quot;:false}\">\n\t\t\t\t\t\t<div class=\"elementor-container elementor-column-gap-default\">\n\t\t\t\t\t<div class=\"elementor-column elementor-col-100 elementor-top-column elementor-element elementor-element-2466bcce\" data-id=\"2466bcce\" data-element_type=\"column\">\n\t\t\t<div class=\"elementor-widget-wrap elementor-element-populated\">\n\t\t\t\t\t\t<div class=\"elementor-element elementor-element-784a7dd1 elementor-widget elementor-widget-gallery\" data-id=\"784a7dd1\" data-element_type=\"widget\" data-settings=\"{&quot;columns&quot;:3,&quot;gap&quot;:{&quot;unit&quot;:&quot;px&quot;,&quot;size&quot;:30,&quot;sizes&quot;:[]},&quot;columns_mobile&quot;:2,&quot;lazyload&quot;:&quot;yes&quot;,&quot;gallery_layout&quot;:&quot;grid&quot;,&quot;columns_tablet&quot;:2,&quot;gap_laptop&quot;:{&quot;unit&quot;:&quot;px&quot;,&quot;size&quot;:10,&quot;sizes&quot;:[]},&quot;gap_tablet&quot;:{&quot;unit&quot;:&quot;px&quot;,&quot;size&quot;:10,&quot;sizes&quot;:[]},&quot;gap_mobile&quot;:{&quot;unit&quot;:&quot;px&quot;,&quot;size&quot;:10,&quot;sizes&quot;:[]},&quot;link_to&quot;:&quot;file&quot;,&quot;aspect_ratio&quot;:&quot;3:2&quot;,&quot;overlay_background&quot;:&quot;yes&quot;,&quot;content_hover_animation&quot;:&quot;fade-in&quot;}\" data-widget_type=\"gallery.default\">\n\t\t\t\t<div class=\"elementor-widget-container\">\n\t\t\t\t\t\t\t<div class=\"elementor-gallery__container\">\n\t\t\t\t\t\t\t<a class=\"e-gallery-item elementor-gallery-item elementor-animated-content\" href=\"https:\/\/analealphotography.com\/wp-content\/uploads\/2022\/04\/Realidade-Concreta-Concrete-Reality-01.jpg\" data-elementor-open-lightbox=\"yes\" data-elementor-lightbox-slideshow=\"all-784a7dd1\" data-elementor-lightbox-title=\"Realidade Concreta : Concrete Reality #01\" data-e-action-hash=\"#elementor-action%3Aaction%3Dlightbox%26settings%3DeyJpZCI6NjQ5LCJ1cmwiOiJodHRwczpcL1wvYW5hbGVhbHBob3RvZ3JhcGh5LmNvbVwvd3AtY29udGVudFwvdXBsb2Fkc1wvMjAyMlwvMDRcL1JlYWxpZGFkZS1Db25jcmV0YS1Db25jcmV0ZS1SZWFsaXR5LTAxLmpwZyIsInNsaWRlc2hvdyI6ImFsbC03ODRhN2RkMSJ9\">\n\t\t\t\t\t<div class=\"e-gallery-image elementor-gallery-item__image\" data-thumbnail=\"https:\/\/analealphotography.com\/wp-content\/uploads\/2022\/04\/Realidade-Concreta-Concrete-Reality-01.jpg\" data-width=\"1200\" data-height=\"1798\" alt=\"\" ><\/div>\n\t\t\t\t\t\t\t\t\t\t\t<div class=\"elementor-gallery-item__overlay\"><\/div>\n\t\t\t\t\t\t\t\t\t\t\t\t\t\t<\/a>\n\t\t\t\t\t\t\t<a class=\"e-gallery-item elementor-gallery-item elementor-animated-content\" href=\"https:\/\/analealphotography.com\/wp-content\/uploads\/2022\/04\/Realidade-Concreta-Concrete-Reality-02.jpg\" data-elementor-open-lightbox=\"yes\" data-elementor-lightbox-slideshow=\"all-784a7dd1\" data-elementor-lightbox-title=\"Realidade Concreta : Concrete Reality #02\" data-e-action-hash=\"#elementor-action%3Aaction%3Dlightbox%26settings%3DeyJpZCI6NjUwLCJ1cmwiOiJodHRwczpcL1wvYW5hbGVhbHBob3RvZ3JhcGh5LmNvbVwvd3AtY29udGVudFwvdXBsb2Fkc1wvMjAyMlwvMDRcL1JlYWxpZGFkZS1Db25jcmV0YS1Db25jcmV0ZS1SZWFsaXR5LTAyLmpwZyIsInNsaWRlc2hvdyI6ImFsbC03ODRhN2RkMSJ9\">\n\t\t\t\t\t<div class=\"e-gallery-image elementor-gallery-item__image\" data-thumbnail=\"https:\/\/analealphotography.com\/wp-content\/uploads\/2022\/04\/Realidade-Concreta-Concrete-Reality-02.jpg\" data-width=\"1200\" data-height=\"1798\" alt=\"\" ><\/div>\n\t\t\t\t\t\t\t\t\t\t\t<div class=\"elementor-gallery-item__overlay\"><\/div>\n\t\t\t\t\t\t\t\t\t\t\t\t\t\t<\/a>\n\t\t\t\t\t\t\t<a class=\"e-gallery-item elementor-gallery-item elementor-animated-content\" href=\"https:\/\/analealphotography.com\/wp-content\/uploads\/2022\/04\/Realidade-Concreta-Concrete-Reality-03.jpg\" data-elementor-open-lightbox=\"yes\" data-elementor-lightbox-slideshow=\"all-784a7dd1\" data-elementor-lightbox-title=\"Realidade Concreta : Concrete Reality #03\" data-e-action-hash=\"#elementor-action%3Aaction%3Dlightbox%26settings%3DeyJpZCI6NjUxLCJ1cmwiOiJodHRwczpcL1wvYW5hbGVhbHBob3RvZ3JhcGh5LmNvbVwvd3AtY29udGVudFwvdXBsb2Fkc1wvMjAyMlwvMDRcL1JlYWxpZGFkZS1Db25jcmV0YS1Db25jcmV0ZS1SZWFsaXR5LTAzLmpwZyIsInNsaWRlc2hvdyI6ImFsbC03ODRhN2RkMSJ9\">\n\t\t\t\t\t<div class=\"e-gallery-image elementor-gallery-item__image\" data-thumbnail=\"https:\/\/analealphotography.com\/wp-content\/uploads\/2022\/04\/Realidade-Concreta-Concrete-Reality-03.jpg\" data-width=\"801\" data-height=\"1200\" alt=\"\" ><\/div>\n\t\t\t\t\t\t\t\t\t\t\t<div class=\"elementor-gallery-item__overlay\"><\/div>\n\t\t\t\t\t\t\t\t\t\t\t\t\t\t<\/a>\n\t\t\t\t\t\t\t<a class=\"e-gallery-item elementor-gallery-item elementor-animated-content\" href=\"https:\/\/analealphotography.com\/wp-content\/uploads\/2022\/04\/Realidade-Concreta-Concrete-Reality-04.jpg\" data-elementor-open-lightbox=\"yes\" data-elementor-lightbox-slideshow=\"all-784a7dd1\" data-elementor-lightbox-title=\"Realidade Concreta : Concrete Reality #04\" data-e-action-hash=\"#elementor-action%3Aaction%3Dlightbox%26settings%3DeyJpZCI6NjUyLCJ1cmwiOiJodHRwczpcL1wvYW5hbGVhbHBob3RvZ3JhcGh5LmNvbVwvd3AtY29udGVudFwvdXBsb2Fkc1wvMjAyMlwvMDRcL1JlYWxpZGFkZS1Db25jcmV0YS1Db25jcmV0ZS1SZWFsaXR5LTA0LmpwZyIsInNsaWRlc2hvdyI6ImFsbC03ODRhN2RkMSJ9\">\n\t\t\t\t\t<div class=\"e-gallery-image elementor-gallery-item__image\" data-thumbnail=\"https:\/\/analealphotography.com\/wp-content\/uploads\/2022\/04\/Realidade-Concreta-Concrete-Reality-04.jpg\" data-width=\"1200\" data-height=\"1800\" alt=\"\" ><\/div>\n\t\t\t\t\t\t\t\t\t\t\t<div class=\"elementor-gallery-item__overlay\"><\/div>\n\t\t\t\t\t\t\t\t\t\t\t\t\t\t<\/a>\n\t\t\t\t\t\t\t<a class=\"e-gallery-item elementor-gallery-item elementor-animated-content\" href=\"https:\/\/analealphotography.com\/wp-content\/uploads\/2022\/04\/Realidade-Concreta-Concrete-Reality-05-1.jpg\" data-elementor-open-lightbox=\"yes\" data-elementor-lightbox-slideshow=\"all-784a7dd1\" data-elementor-lightbox-title=\"Realidade Concreta : Concrete Reality #05\" data-e-action-hash=\"#elementor-action%3Aaction%3Dlightbox%26settings%3DeyJpZCI6NjUzLCJ1cmwiOiJodHRwczpcL1wvYW5hbGVhbHBob3RvZ3JhcGh5LmNvbVwvd3AtY29udGVudFwvdXBsb2Fkc1wvMjAyMlwvMDRcL1JlYWxpZGFkZS1Db25jcmV0YS1Db25jcmV0ZS1SZWFsaXR5LTA1LTEuanBnIiwic2xpZGVzaG93IjoiYWxsLTc4NGE3ZGQxIn0%3D\">\n\t\t\t\t\t<div class=\"e-gallery-image elementor-gallery-item__image\" data-thumbnail=\"https:\/\/analealphotography.com\/wp-content\/uploads\/2022\/04\/Realidade-Concreta-Concrete-Reality-05-1.jpg\" data-width=\"1200\" data-height=\"800\" alt=\"\" ><\/div>\n\t\t\t\t\t\t\t\t\t\t\t<div class=\"elementor-gallery-item__overlay\"><\/div>\n\t\t\t\t\t\t\t\t\t\t\t\t\t\t<\/a>\n\t\t\t\t\t\t\t<a class=\"e-gallery-item elementor-gallery-item elementor-animated-content\" href=\"https:\/\/analealphotography.com\/wp-content\/uploads\/2022\/04\/Realidade-Concreta-Concrete-Reality-06.jpg\" data-elementor-open-lightbox=\"yes\" data-elementor-lightbox-slideshow=\"all-784a7dd1\" data-elementor-lightbox-title=\"Realidade Concreta : Concrete Reality #06\" data-e-action-hash=\"#elementor-action%3Aaction%3Dlightbox%26settings%3DeyJpZCI6NjU0LCJ1cmwiOiJodHRwczpcL1wvYW5hbGVhbHBob3RvZ3JhcGh5LmNvbVwvd3AtY29udGVudFwvdXBsb2Fkc1wvMjAyMlwvMDRcL1JlYWxpZGFkZS1Db25jcmV0YS1Db25jcmV0ZS1SZWFsaXR5LTA2LmpwZyIsInNsaWRlc2hvdyI6ImFsbC03ODRhN2RkMSJ9\">\n\t\t\t\t\t<div class=\"e-gallery-image elementor-gallery-item__image\" data-thumbnail=\"https:\/\/analealphotography.com\/wp-content\/uploads\/2022\/04\/Realidade-Concreta-Concrete-Reality-06.jpg\" data-width=\"1200\" data-height=\"800\" alt=\"\" ><\/div>\n\t\t\t\t\t\t\t\t\t\t\t<div class=\"elementor-gallery-item__overlay\"><\/div>\n\t\t\t\t\t\t\t\t\t\t\t\t\t\t<\/a>\n\t\t\t\t\t\t\t<a class=\"e-gallery-item elementor-gallery-item elementor-animated-content\" href=\"https:\/\/analealphotography.com\/wp-content\/uploads\/2022\/04\/Realidade-Concreta-Concrete-Reality-07.jpg\" data-elementor-open-lightbox=\"yes\" data-elementor-lightbox-slideshow=\"all-784a7dd1\" data-elementor-lightbox-title=\"Realidade Concreta : Concrete Reality #07\" data-e-action-hash=\"#elementor-action%3Aaction%3Dlightbox%26settings%3DeyJpZCI6NjU1LCJ1cmwiOiJodHRwczpcL1wvYW5hbGVhbHBob3RvZ3JhcGh5LmNvbVwvd3AtY29udGVudFwvdXBsb2Fkc1wvMjAyMlwvMDRcL1JlYWxpZGFkZS1Db25jcmV0YS1Db25jcmV0ZS1SZWFsaXR5LTA3LmpwZyIsInNsaWRlc2hvdyI6ImFsbC03ODRhN2RkMSJ9\">\n\t\t\t\t\t<div class=\"e-gallery-image elementor-gallery-item__image\" data-thumbnail=\"https:\/\/analealphotography.com\/wp-content\/uploads\/2022\/04\/Realidade-Concreta-Concrete-Reality-07.jpg\" data-width=\"1200\" data-height=\"800\" alt=\"\" ><\/div>\n\t\t\t\t\t\t\t\t\t\t\t<div class=\"elementor-gallery-item__overlay\"><\/div>\n\t\t\t\t\t\t\t\t\t\t\t\t\t\t<\/a>\n\t\t\t\t\t\t\t<a class=\"e-gallery-item elementor-gallery-item elementor-animated-content\" href=\"https:\/\/analealphotography.com\/wp-content\/uploads\/2022\/04\/Realidade-Concreta-Concrete-Reality-08.jpg\" data-elementor-open-lightbox=\"yes\" data-elementor-lightbox-slideshow=\"all-784a7dd1\" data-elementor-lightbox-title=\"Realidade Concreta : Concrete Reality #08\" data-e-action-hash=\"#elementor-action%3Aaction%3Dlightbox%26settings%3DeyJpZCI6NjU2LCJ1cmwiOiJodHRwczpcL1wvYW5hbGVhbHBob3RvZ3JhcGh5LmNvbVwvd3AtY29udGVudFwvdXBsb2Fkc1wvMjAyMlwvMDRcL1JlYWxpZGFkZS1Db25jcmV0YS1Db25jcmV0ZS1SZWFsaXR5LTA4LmpwZyIsInNsaWRlc2hvdyI6ImFsbC03ODRhN2RkMSJ9\">\n\t\t\t\t\t<div class=\"e-gallery-image elementor-gallery-item__image\" data-thumbnail=\"https:\/\/analealphotography.com\/wp-content\/uploads\/2022\/04\/Realidade-Concreta-Concrete-Reality-08.jpg\" data-width=\"1200\" data-height=\"800\" alt=\"\" ><\/div>\n\t\t\t\t\t\t\t\t\t\t\t<div class=\"elementor-gallery-item__overlay\"><\/div>\n\t\t\t\t\t\t\t\t\t\t\t\t\t\t<\/a>\n\t\t\t\t\t\t\t<a class=\"e-gallery-item elementor-gallery-item elementor-animated-content\" href=\"https:\/\/analealphotography.com\/wp-content\/uploads\/2022\/04\/Realidade-Concreta-Concrete-Reality-09.jpg\" data-elementor-open-lightbox=\"yes\" data-elementor-lightbox-slideshow=\"all-784a7dd1\" data-elementor-lightbox-title=\"Realidade Concreta : Concrete Reality #09\" data-e-action-hash=\"#elementor-action%3Aaction%3Dlightbox%26settings%3DeyJpZCI6NjU3LCJ1cmwiOiJodHRwczpcL1wvYW5hbGVhbHBob3RvZ3JhcGh5LmNvbVwvd3AtY29udGVudFwvdXBsb2Fkc1wvMjAyMlwvMDRcL1JlYWxpZGFkZS1Db25jcmV0YS1Db25jcmV0ZS1SZWFsaXR5LTA5LmpwZyIsInNsaWRlc2hvdyI6ImFsbC03ODRhN2RkMSJ9\">\n\t\t\t\t\t<div class=\"e-gallery-image elementor-gallery-item__image\" data-thumbnail=\"https:\/\/analealphotography.com\/wp-content\/uploads\/2022\/04\/Realidade-Concreta-Concrete-Reality-09.jpg\" data-width=\"1200\" data-height=\"800\" alt=\"\" ><\/div>\n\t\t\t\t\t\t\t\t\t\t\t<div class=\"elementor-gallery-item__overlay\"><\/div>\n\t\t\t\t\t\t\t\t\t\t\t\t\t\t<\/a>\n\t\t\t\t\t<\/div>\n\t\t\t\t\t<\/div>\n\t\t\t\t<\/div>\n\t\t\t\t\t<\/div>\n\t\t<\/div>\n\t\t\t\t\t<\/div>\n\t\t<\/section>\n\t\t\t\t<\/div>","protected":false},"excerpt":{"rendered":"<p>SOBRE O PROJETO O conjunto de imagens da s\u00e9rie Realidade Concreta retrata estruturas arquitet\u00f4nicas ou objetos cotidianos ressaltando suas linhas geom\u00e9tricas. Um estudo de formas e uma homenagem ao concretismo na fotografia. Linhas bem definidas, a escolha pelo preto e branco e o uso de um alto contraste visam destacar estas formas e atingir um certo grau de abstra\u00e7\u00e3o. Realidade Concreta \u00e9 uma s\u00e9rie composta por 9 imagens. Cada pe\u00e7a \u00e9 produzida em uma edi\u00e7\u00e3o de 13 + 2 AP [&hellip;]<\/p>","protected":false},"author":1,"featured_media":0,"parent":0,"menu_order":0,"comment_status":"closed","ping_status":"closed","template":"elementor_header_footer","meta":{"om_disable_all_campaigns":false,"_monsterinsights_skip_tracking":false,"_monsterinsights_sitenote_active":false,"_monsterinsights_sitenote_note":"","_monsterinsights_sitenote_category":0,"_uf_show_specific_survey":0,"_uf_disable_surveys":false,"footnotes":""},"class_list":["post-528","page","type-page","status-publish","hentry"],"aioseo_notices":[],"_links":{"self":[{"href":"https:\/\/analealphotography.com\/en\/wp-json\/wp\/v2\/pages\/528","targetHints":{"allow":["GET"]}}],"collection":[{"href":"https:\/\/analealphotography.com\/en\/wp-json\/wp\/v2\/pages"}],"about":[{"href":"https:\/\/analealphotography.com\/en\/wp-json\/wp\/v2\/types\/page"}],"author":[{"embeddable":true,"href":"https:\/\/analealphotography.com\/en\/wp-json\/wp\/v2\/users\/1"}],"replies":[{"embeddable":true,"href":"https:\/\/analealphotography.com\/en\/wp-json\/wp\/v2\/comments?post=528"}],"version-history":[{"count":31,"href":"https:\/\/analealphotography.com\/en\/wp-json\/wp\/v2\/pages\/528\/revisions"}],"predecessor-version":[{"id":1367,"href":"https:\/\/analealphotography.com\/en\/wp-json\/wp\/v2\/pages\/528\/revisions\/1367"}],"wp:attachment":[{"href":"https:\/\/analealphotography.com\/en\/wp-json\/wp\/v2\/media?parent=528"}],"curies":[{"name":"wp","href":"https:\/\/api.w.org\/{rel}","templated":true}]}}