{"id":526,"date":"2022-04-08T20:33:41","date_gmt":"2022-04-08T20:33:41","guid":{"rendered":"https:\/\/analealphotography.com\/?page_id=526"},"modified":"2022-04-14T18:36:27","modified_gmt":"2022-04-14T18:36:27","slug":"paisagens-psicologicas","status":"publish","type":"page","link":"https:\/\/analealphotography.com\/en\/paisagens-psicologicas\/","title":{"rendered":"Psychological Landscapes ( 2017 \u2013 2018 )"},"content":{"rendered":"<div data-elementor-type=\"wp-page\" data-elementor-id=\"526\" class=\"elementor elementor-526\" data-elementor-settings=\"{&quot;ha_cmc_init_switcher&quot;:&quot;no&quot;}\">\n\t\t\t\t\t\t<section class=\"elementor-section elementor-top-section elementor-element elementor-element-5dbccf6c elementor-section-height-min-height elementor-section-full_width elementor-section-stretched elementor-section-height-default elementor-section-items-middle\" data-id=\"5dbccf6c\" data-element_type=\"section\" data-settings=\"{&quot;background_background&quot;:&quot;classic&quot;,&quot;stretch_section&quot;:&quot;section-stretched&quot;,&quot;_ha_eqh_enable&quot;:false}\">\n\t\t\t\t\t\t\t<div class=\"elementor-background-overlay\"><\/div>\n\t\t\t\t\t\t\t<div class=\"elementor-container elementor-column-gap-default\">\n\t\t\t\t\t<div class=\"elementor-column elementor-col-100 elementor-top-column elementor-element elementor-element-1a8e1f39\" data-id=\"1a8e1f39\" data-element_type=\"column\">\n\t\t\t<div class=\"elementor-widget-wrap elementor-element-populated\">\n\t\t\t\t\t\t<section class=\"elementor-section elementor-inner-section elementor-element elementor-element-5afe955 elementor-section-boxed elementor-section-height-default elementor-section-height-default\" data-id=\"5afe955\" data-element_type=\"section\" data-settings=\"{&quot;_ha_eqh_enable&quot;:false}\">\n\t\t\t\t\t\t<div class=\"elementor-container elementor-column-gap-default\">\n\t\t\t\t\t<div class=\"elementor-column elementor-col-100 elementor-inner-column elementor-element elementor-element-1c9b00e6\" data-id=\"1c9b00e6\" data-element_type=\"column\">\n\t\t\t<div class=\"elementor-widget-wrap elementor-element-populated\">\n\t\t\t\t\t\t\t<\/div>\n\t\t<\/div>\n\t\t\t\t\t<\/div>\n\t\t<\/section>\n\t\t\t\t\t<\/div>\n\t\t<\/div>\n\t\t\t\t\t<\/div>\n\t\t<\/section>\n\t\t\t\t<section class=\"elementor-section elementor-top-section elementor-element elementor-element-737771d1 elementor-section-stretched elementor-section-boxed elementor-section-height-default elementor-section-height-default\" data-id=\"737771d1\" data-element_type=\"section\" data-settings=\"{&quot;stretch_section&quot;:&quot;section-stretched&quot;,&quot;_ha_eqh_enable&quot;:false}\">\n\t\t\t\t\t\t<div class=\"elementor-container elementor-column-gap-default\">\n\t\t\t\t\t<div class=\"elementor-column elementor-col-100 elementor-top-column elementor-element elementor-element-26355ae4\" data-id=\"26355ae4\" data-element_type=\"column\">\n\t\t\t<div class=\"elementor-widget-wrap elementor-element-populated\">\n\t\t\t\t\t\t<section class=\"elementor-section elementor-inner-section elementor-element elementor-element-35f83c0 elementor-section-boxed elementor-section-height-default elementor-section-height-default\" data-id=\"35f83c0\" data-element_type=\"section\" data-settings=\"{&quot;_ha_eqh_enable&quot;:false}\">\n\t\t\t\t\t\t<div class=\"elementor-container elementor-column-gap-default\">\n\t\t\t\t\t<div class=\"elementor-column elementor-col-100 elementor-inner-column elementor-element elementor-element-16c70970\" data-id=\"16c70970\" data-element_type=\"column\">\n\t\t\t<div class=\"elementor-widget-wrap elementor-element-populated\">\n\t\t\t\t\t\t<div class=\"elementor-element elementor-element-11c55742 elementor-widget-divider--view-line_text elementor-widget-divider--element-align-center elementor-widget elementor-widget-divider\" data-id=\"11c55742\" data-element_type=\"widget\" data-widget_type=\"divider.default\">\n\t\t\t\t<div class=\"elementor-widget-container\">\n\t\t\t\t\t\t\t<div class=\"elementor-divider\">\n\t\t\t<span class=\"elementor-divider-separator\">\n\t\t\t\t\t\t\t<span class=\"elementor-divider__text elementor-divider__element\">\n\t\t\t\tABOUT THE PROJECT\t\t\t\t<\/span>\n\t\t\t\t\t\t<\/span>\n\t\t<\/div>\n\t\t\t\t\t\t<\/div>\n\t\t\t\t<\/div>\n\t\t\t\t<div class=\"elementor-element elementor-element-e361cec elementor-widget elementor-widget-text-editor\" data-id=\"e361cec\" data-element_type=\"widget\" data-widget_type=\"text-editor.default\">\n\t\t\t\t<div class=\"elementor-widget-container\">\n\t\t\t\t\t\t\t\t\t<p><em>Psychological Landscapes<\/em> aims to bring to discussion the way we see things and how these images relate to the photography medium showing new possibilities for the viewer to observe the world.It all starts with a photograph of a landscape. A lake, a river, a mountain. Scenarios so common to our eyes. The images were captured between 2017 and 2020 at Yellowstone National Park and Grand Teton National Park, both in the USA and at the French Alps.<\/p><p>After capture I worked on postproduction transforming the usual landscape photograph into a psychological landscape that represent our feelings and moods. Each piece of work has its name in reference to these sensations such as Blurry Calm, Blurry Joy, Blurry Serene.The work also assumes digital manipulation in contemporary photography to present it as a support for artistic expression, and not only as a record keeper. It also pays homage to the abstraction exercises of the Dutch artist Theo van Doesberg, the main leader of the De Stijl movement.<\/p><p>Although they are simply photographs, they are also pure paintings, brushstrokes made through a lens, dubious colors and abstract shapes, vestiges of landscapes, which invite us to dive into their inner labyrinths. I am passionate about the variety of forms that can be explored in photography and I want to share these possibilities with a broader audience.<\/p><p><em>P<\/em><em>Psychological Landscapes <\/em>\u00a0is a series of 14 square abstract photographs.Each piece is produced in an edition of 15 + 2 AP for a total edition of 17.<\/p><p>This body of work is printed on Archival paper Hahnem\u00fchle German Etching and Hahnem\u00fchle Canvas with archival ink.<\/p><p><strong>There are two print sizes:<\/strong><\/p><p><em>20\u201d x 20\u201d ( 10 ) printed Hahnem\u00fchle German Etching paper.<\/em><\/p><p><em>30\u201dx 30\u201d ( 5 ) printed on Hahnemuhle Canvas.<\/em><\/p><p>The series received the Gold Award at the 2021 Tokyo International Foto award, The 15th Julia Margaret Cameron Award abstract category, 2021 Bronze Star at ND Awards Fine Art Abstract, 2020 Artist of the Future from Contemporary Art Curator Magazine and an Honorable Mention at 2021 IPA and 2019 PX3 - Prix de La Photographie Paris.<\/p>\t\t\t\t\t\t\t\t<\/div>\n\t\t\t\t<\/div>\n\t\t\t\t\t<\/div>\n\t\t<\/div>\n\t\t\t\t\t<\/div>\n\t\t<\/section>\n\t\t\t\t\t<\/div>\n\t\t<\/div>\n\t\t\t\t\t<\/div>\n\t\t<\/section>\n\t\t\t\t<section class=\"elementor-section elementor-top-section elementor-element elementor-element-77ba886a elementor-section-stretched elementor-section-boxed elementor-section-height-default elementor-section-height-default\" data-id=\"77ba886a\" data-element_type=\"section\" data-settings=\"{&quot;stretch_section&quot;:&quot;section-stretched&quot;,&quot;_ha_eqh_enable&quot;:false}\">\n\t\t\t\t\t\t<div class=\"elementor-container elementor-column-gap-default\">\n\t\t\t\t\t<div class=\"elementor-column elementor-col-100 elementor-top-column elementor-element elementor-element-3e65e815\" data-id=\"3e65e815\" data-element_type=\"column\">\n\t\t\t<div class=\"elementor-widget-wrap elementor-element-populated\">\n\t\t\t\t\t\t<div class=\"elementor-element elementor-element-288e3f79 elementor-widget elementor-widget-gallery\" data-id=\"288e3f79\" data-element_type=\"widget\" data-settings=\"{&quot;gap&quot;:{&quot;unit&quot;:&quot;px&quot;,&quot;size&quot;:30,&quot;sizes&quot;:[]},&quot;aspect_ratio&quot;:&quot;1:1&quot;,&quot;columns_mobile&quot;:2,&quot;lazyload&quot;:&quot;yes&quot;,&quot;gallery_layout&quot;:&quot;grid&quot;,&quot;columns&quot;:4,&quot;columns_tablet&quot;:2,&quot;gap_laptop&quot;:{&quot;unit&quot;:&quot;px&quot;,&quot;size&quot;:10,&quot;sizes&quot;:[]},&quot;gap_tablet&quot;:{&quot;unit&quot;:&quot;px&quot;,&quot;size&quot;:10,&quot;sizes&quot;:[]},&quot;gap_mobile&quot;:{&quot;unit&quot;:&quot;px&quot;,&quot;size&quot;:10,&quot;sizes&quot;:[]},&quot;link_to&quot;:&quot;file&quot;,&quot;overlay_background&quot;:&quot;yes&quot;,&quot;content_hover_animation&quot;:&quot;fade-in&quot;}\" data-widget_type=\"gallery.default\">\n\t\t\t\t<div class=\"elementor-widget-container\">\n\t\t\t\t\t\t\t<div class=\"elementor-gallery__container\">\n\t\t\t\t\t\t\t<a class=\"e-gallery-item elementor-gallery-item elementor-animated-content\" href=\"https:\/\/analealphotography.com\/wp-content\/uploads\/2022\/04\/Blurry-Blues-1.jpg\" data-elementor-open-lightbox=\"yes\" data-elementor-lightbox-slideshow=\"all-288e3f79\" data-elementor-lightbox-title=\"Blurry Blues 1\" data-e-action-hash=\"#elementor-action%3Aaction%3Dlightbox%26settings%3DeyJpZCI6NjMxLCJ1cmwiOiJodHRwczpcL1wvYW5hbGVhbHBob3RvZ3JhcGh5LmNvbVwvd3AtY29udGVudFwvdXBsb2Fkc1wvMjAyMlwvMDRcL0JsdXJyeS1CbHVlcy0xLmpwZyIsInNsaWRlc2hvdyI6ImFsbC0yODhlM2Y3OSJ9\">\n\t\t\t\t\t<div class=\"e-gallery-image elementor-gallery-item__image\" data-thumbnail=\"https:\/\/analealphotography.com\/wp-content\/uploads\/2022\/04\/Blurry-Blues-1.jpg\" data-width=\"1200\" data-height=\"1200\" alt=\"\" ><\/div>\n\t\t\t\t\t\t\t\t\t\t\t<div class=\"elementor-gallery-item__overlay\"><\/div>\n\t\t\t\t\t\t\t\t\t\t\t\t\t\t<\/a>\n\t\t\t\t\t\t\t<a class=\"e-gallery-item elementor-gallery-item elementor-animated-content\" href=\"https:\/\/analealphotography.com\/wp-content\/uploads\/2022\/04\/Blurry-Blues-2.jpg\" data-elementor-open-lightbox=\"yes\" data-elementor-lightbox-slideshow=\"all-288e3f79\" data-elementor-lightbox-title=\"Blurry Blues 2\" data-e-action-hash=\"#elementor-action%3Aaction%3Dlightbox%26settings%3DeyJpZCI6NjMyLCJ1cmwiOiJodHRwczpcL1wvYW5hbGVhbHBob3RvZ3JhcGh5LmNvbVwvd3AtY29udGVudFwvdXBsb2Fkc1wvMjAyMlwvMDRcL0JsdXJyeS1CbHVlcy0yLmpwZyIsInNsaWRlc2hvdyI6ImFsbC0yODhlM2Y3OSJ9\">\n\t\t\t\t\t<div class=\"e-gallery-image elementor-gallery-item__image\" data-thumbnail=\"https:\/\/analealphotography.com\/wp-content\/uploads\/2022\/04\/Blurry-Blues-2.jpg\" data-width=\"1200\" data-height=\"1200\" alt=\"\" ><\/div>\n\t\t\t\t\t\t\t\t\t\t\t<div class=\"elementor-gallery-item__overlay\"><\/div>\n\t\t\t\t\t\t\t\t\t\t\t\t\t\t<\/a>\n\t\t\t\t\t\t\t<a class=\"e-gallery-item elementor-gallery-item elementor-animated-content\" href=\"https:\/\/analealphotography.com\/wp-content\/uploads\/2022\/04\/Blurry-Calm-1.jpg\" data-elementor-open-lightbox=\"yes\" data-elementor-lightbox-slideshow=\"all-288e3f79\" data-elementor-lightbox-title=\"Blurry Calm 1\" data-e-action-hash=\"#elementor-action%3Aaction%3Dlightbox%26settings%3DeyJpZCI6NjMzLCJ1cmwiOiJodHRwczpcL1wvYW5hbGVhbHBob3RvZ3JhcGh5LmNvbVwvd3AtY29udGVudFwvdXBsb2Fkc1wvMjAyMlwvMDRcL0JsdXJyeS1DYWxtLTEuanBnIiwic2xpZGVzaG93IjoiYWxsLTI4OGUzZjc5In0%3D\">\n\t\t\t\t\t<div class=\"e-gallery-image elementor-gallery-item__image\" data-thumbnail=\"https:\/\/analealphotography.com\/wp-content\/uploads\/2022\/04\/Blurry-Calm-1.jpg\" data-width=\"1200\" data-height=\"1200\" alt=\"\" ><\/div>\n\t\t\t\t\t\t\t\t\t\t\t<div class=\"elementor-gallery-item__overlay\"><\/div>\n\t\t\t\t\t\t\t\t\t\t\t\t\t\t<\/a>\n\t\t\t\t\t\t\t<a class=\"e-gallery-item elementor-gallery-item elementor-animated-content\" href=\"https:\/\/analealphotography.com\/wp-content\/uploads\/2022\/04\/Blurry-Calm-2.jpg\" data-elementor-open-lightbox=\"yes\" data-elementor-lightbox-slideshow=\"all-288e3f79\" data-elementor-lightbox-title=\"Blurry Calm 2\" data-e-action-hash=\"#elementor-action%3Aaction%3Dlightbox%26settings%3DeyJpZCI6NjM0LCJ1cmwiOiJodHRwczpcL1wvYW5hbGVhbHBob3RvZ3JhcGh5LmNvbVwvd3AtY29udGVudFwvdXBsb2Fkc1wvMjAyMlwvMDRcL0JsdXJyeS1DYWxtLTIuanBnIiwic2xpZGVzaG93IjoiYWxsLTI4OGUzZjc5In0%3D\">\n\t\t\t\t\t<div class=\"e-gallery-image elementor-gallery-item__image\" data-thumbnail=\"https:\/\/analealphotography.com\/wp-content\/uploads\/2022\/04\/Blurry-Calm-2.jpg\" data-width=\"1200\" data-height=\"1200\" alt=\"\" ><\/div>\n\t\t\t\t\t\t\t\t\t\t\t<div class=\"elementor-gallery-item__overlay\"><\/div>\n\t\t\t\t\t\t\t\t\t\t\t\t\t\t<\/a>\n\t\t\t\t\t\t\t<a class=\"e-gallery-item elementor-gallery-item elementor-animated-content\" href=\"https:\/\/analealphotography.com\/wp-content\/uploads\/2022\/04\/Blurry-Doubt-1.jpg\" data-elementor-open-lightbox=\"yes\" data-elementor-lightbox-slideshow=\"all-288e3f79\" data-elementor-lightbox-title=\"Blurry Doubt 1\" data-e-action-hash=\"#elementor-action%3Aaction%3Dlightbox%26settings%3DeyJpZCI6NjM1LCJ1cmwiOiJodHRwczpcL1wvYW5hbGVhbHBob3RvZ3JhcGh5LmNvbVwvd3AtY29udGVudFwvdXBsb2Fkc1wvMjAyMlwvMDRcL0JsdXJyeS1Eb3VidC0xLmpwZyIsInNsaWRlc2hvdyI6ImFsbC0yODhlM2Y3OSJ9\">\n\t\t\t\t\t<div class=\"e-gallery-image elementor-gallery-item__image\" data-thumbnail=\"https:\/\/analealphotography.com\/wp-content\/uploads\/2022\/04\/Blurry-Doubt-1.jpg\" data-width=\"1200\" data-height=\"1200\" alt=\"\" ><\/div>\n\t\t\t\t\t\t\t\t\t\t\t<div class=\"elementor-gallery-item__overlay\"><\/div>\n\t\t\t\t\t\t\t\t\t\t\t\t\t\t<\/a>\n\t\t\t\t\t\t\t<a class=\"e-gallery-item elementor-gallery-item elementor-animated-content\" href=\"https:\/\/analealphotography.com\/wp-content\/uploads\/2022\/04\/Blurry-Doubt-3.jpg\" data-elementor-open-lightbox=\"yes\" data-elementor-lightbox-slideshow=\"all-288e3f79\" data-elementor-lightbox-title=\"Blurry Doubt 3\" data-e-action-hash=\"#elementor-action%3Aaction%3Dlightbox%26settings%3DeyJpZCI6NjM2LCJ1cmwiOiJodHRwczpcL1wvYW5hbGVhbHBob3RvZ3JhcGh5LmNvbVwvd3AtY29udGVudFwvdXBsb2Fkc1wvMjAyMlwvMDRcL0JsdXJyeS1Eb3VidC0zLmpwZyIsInNsaWRlc2hvdyI6ImFsbC0yODhlM2Y3OSJ9\">\n\t\t\t\t\t<div class=\"e-gallery-image elementor-gallery-item__image\" data-thumbnail=\"https:\/\/analealphotography.com\/wp-content\/uploads\/2022\/04\/Blurry-Doubt-3.jpg\" data-width=\"1200\" data-height=\"1200\" alt=\"\" ><\/div>\n\t\t\t\t\t\t\t\t\t\t\t<div class=\"elementor-gallery-item__overlay\"><\/div>\n\t\t\t\t\t\t\t\t\t\t\t\t\t\t<\/a>\n\t\t\t\t\t\t\t<a class=\"e-gallery-item elementor-gallery-item elementor-animated-content\" href=\"https:\/\/analealphotography.com\/wp-content\/uploads\/2022\/04\/Blurry-Joy-1.jpg\" data-elementor-open-lightbox=\"yes\" data-elementor-lightbox-slideshow=\"all-288e3f79\" data-elementor-lightbox-title=\"Blurry Joy 1\" data-e-action-hash=\"#elementor-action%3Aaction%3Dlightbox%26settings%3DeyJpZCI6NjM3LCJ1cmwiOiJodHRwczpcL1wvYW5hbGVhbHBob3RvZ3JhcGh5LmNvbVwvd3AtY29udGVudFwvdXBsb2Fkc1wvMjAyMlwvMDRcL0JsdXJyeS1Kb3ktMS5qcGciLCJzbGlkZXNob3ciOiJhbGwtMjg4ZTNmNzkifQ%3D%3D\">\n\t\t\t\t\t<div class=\"e-gallery-image elementor-gallery-item__image\" data-thumbnail=\"https:\/\/analealphotography.com\/wp-content\/uploads\/2022\/04\/Blurry-Joy-1.jpg\" data-width=\"1200\" data-height=\"1200\" alt=\"\" ><\/div>\n\t\t\t\t\t\t\t\t\t\t\t<div class=\"elementor-gallery-item__overlay\"><\/div>\n\t\t\t\t\t\t\t\t\t\t\t\t\t\t<\/a>\n\t\t\t\t\t\t\t<a class=\"e-gallery-item elementor-gallery-item elementor-animated-content\" href=\"https:\/\/analealphotography.com\/wp-content\/uploads\/2022\/04\/Blurry-Joy-2.jpg\" data-elementor-open-lightbox=\"yes\" data-elementor-lightbox-slideshow=\"all-288e3f79\" data-elementor-lightbox-title=\"Blurry Joy 2\" data-e-action-hash=\"#elementor-action%3Aaction%3Dlightbox%26settings%3DeyJpZCI6NjM4LCJ1cmwiOiJodHRwczpcL1wvYW5hbGVhbHBob3RvZ3JhcGh5LmNvbVwvd3AtY29udGVudFwvdXBsb2Fkc1wvMjAyMlwvMDRcL0JsdXJyeS1Kb3ktMi5qcGciLCJzbGlkZXNob3ciOiJhbGwtMjg4ZTNmNzkifQ%3D%3D\">\n\t\t\t\t\t<div class=\"e-gallery-image elementor-gallery-item__image\" data-thumbnail=\"https:\/\/analealphotography.com\/wp-content\/uploads\/2022\/04\/Blurry-Joy-2.jpg\" data-width=\"1200\" data-height=\"1200\" alt=\"\" ><\/div>\n\t\t\t\t\t\t\t\t\t\t\t<div class=\"elementor-gallery-item__overlay\"><\/div>\n\t\t\t\t\t\t\t\t\t\t\t\t\t\t<\/a>\n\t\t\t\t\t\t\t<a class=\"e-gallery-item elementor-gallery-item elementor-animated-content\" href=\"https:\/\/analealphotography.com\/wp-content\/uploads\/2022\/04\/Blurry-Peaceful-1-1.jpg\" data-elementor-open-lightbox=\"yes\" data-elementor-lightbox-slideshow=\"all-288e3f79\" data-elementor-lightbox-title=\"Paisagens Psicologicas\" data-e-action-hash=\"#elementor-action%3Aaction%3Dlightbox%26settings%3DeyJpZCI6NjM5LCJ1cmwiOiJodHRwczpcL1wvYW5hbGVhbHBob3RvZ3JhcGh5LmNvbVwvd3AtY29udGVudFwvdXBsb2Fkc1wvMjAyMlwvMDRcL0JsdXJyeS1QZWFjZWZ1bC0xLTEuanBnIiwic2xpZGVzaG93IjoiYWxsLTI4OGUzZjc5In0%3D\">\n\t\t\t\t\t<div class=\"e-gallery-image elementor-gallery-item__image\" data-thumbnail=\"https:\/\/analealphotography.com\/wp-content\/uploads\/2022\/04\/Blurry-Peaceful-1-1.jpg\" data-width=\"1200\" data-height=\"1200\" alt=\"\" ><\/div>\n\t\t\t\t\t\t\t\t\t\t\t<div class=\"elementor-gallery-item__overlay\"><\/div>\n\t\t\t\t\t\t\t\t\t\t\t\t\t\t<\/a>\n\t\t\t\t\t\t\t<a class=\"e-gallery-item elementor-gallery-item elementor-animated-content\" href=\"https:\/\/analealphotography.com\/wp-content\/uploads\/2022\/04\/Blurry-Peaceful-3.jpg\" data-elementor-open-lightbox=\"yes\" data-elementor-lightbox-slideshow=\"all-288e3f79\" data-elementor-lightbox-title=\"Blurry Peaceful 3\" data-e-action-hash=\"#elementor-action%3Aaction%3Dlightbox%26settings%3DeyJpZCI6NjQwLCJ1cmwiOiJodHRwczpcL1wvYW5hbGVhbHBob3RvZ3JhcGh5LmNvbVwvd3AtY29udGVudFwvdXBsb2Fkc1wvMjAyMlwvMDRcL0JsdXJyeS1QZWFjZWZ1bC0zLmpwZyIsInNsaWRlc2hvdyI6ImFsbC0yODhlM2Y3OSJ9\">\n\t\t\t\t\t<div class=\"e-gallery-image elementor-gallery-item__image\" data-thumbnail=\"https:\/\/analealphotography.com\/wp-content\/uploads\/2022\/04\/Blurry-Peaceful-3.jpg\" data-width=\"1200\" data-height=\"1200\" alt=\"\" ><\/div>\n\t\t\t\t\t\t\t\t\t\t\t<div class=\"elementor-gallery-item__overlay\"><\/div>\n\t\t\t\t\t\t\t\t\t\t\t\t\t\t<\/a>\n\t\t\t\t\t\t\t<a class=\"e-gallery-item elementor-gallery-item elementor-animated-content\" href=\"https:\/\/analealphotography.com\/wp-content\/uploads\/2022\/04\/Blurry-Pure-1.jpg\" data-elementor-open-lightbox=\"yes\" data-elementor-lightbox-slideshow=\"all-288e3f79\" data-elementor-lightbox-title=\"Blurry Pure 1\" data-e-action-hash=\"#elementor-action%3Aaction%3Dlightbox%26settings%3DeyJpZCI6NjQxLCJ1cmwiOiJodHRwczpcL1wvYW5hbGVhbHBob3RvZ3JhcGh5LmNvbVwvd3AtY29udGVudFwvdXBsb2Fkc1wvMjAyMlwvMDRcL0JsdXJyeS1QdXJlLTEuanBnIiwic2xpZGVzaG93IjoiYWxsLTI4OGUzZjc5In0%3D\">\n\t\t\t\t\t<div class=\"e-gallery-image elementor-gallery-item__image\" data-thumbnail=\"https:\/\/analealphotography.com\/wp-content\/uploads\/2022\/04\/Blurry-Pure-1.jpg\" data-width=\"1200\" data-height=\"1200\" alt=\"\" ><\/div>\n\t\t\t\t\t\t\t\t\t\t\t<div class=\"elementor-gallery-item__overlay\"><\/div>\n\t\t\t\t\t\t\t\t\t\t\t\t\t\t<\/a>\n\t\t\t\t\t\t\t<a class=\"e-gallery-item elementor-gallery-item elementor-animated-content\" href=\"https:\/\/analealphotography.com\/wp-content\/uploads\/2022\/04\/Blurry-Pure-2.jpg\" data-elementor-open-lightbox=\"yes\" data-elementor-lightbox-slideshow=\"all-288e3f79\" data-elementor-lightbox-title=\"Blurry Pure 2\" data-e-action-hash=\"#elementor-action%3Aaction%3Dlightbox%26settings%3DeyJpZCI6NjQyLCJ1cmwiOiJodHRwczpcL1wvYW5hbGVhbHBob3RvZ3JhcGh5LmNvbVwvd3AtY29udGVudFwvdXBsb2Fkc1wvMjAyMlwvMDRcL0JsdXJyeS1QdXJlLTIuanBnIiwic2xpZGVzaG93IjoiYWxsLTI4OGUzZjc5In0%3D\">\n\t\t\t\t\t<div class=\"e-gallery-image elementor-gallery-item__image\" data-thumbnail=\"https:\/\/analealphotography.com\/wp-content\/uploads\/2022\/04\/Blurry-Pure-2.jpg\" data-width=\"1200\" data-height=\"1200\" alt=\"\" ><\/div>\n\t\t\t\t\t\t\t\t\t\t\t<div class=\"elementor-gallery-item__overlay\"><\/div>\n\t\t\t\t\t\t\t\t\t\t\t\t\t\t<\/a>\n\t\t\t\t\t\t\t<a class=\"e-gallery-item elementor-gallery-item elementor-animated-content\" href=\"https:\/\/analealphotography.com\/wp-content\/uploads\/2022\/04\/Blurry-Serene-1.jpg\" data-elementor-open-lightbox=\"yes\" data-elementor-lightbox-slideshow=\"all-288e3f79\" data-elementor-lightbox-title=\"Blurry Serene 1\" data-e-action-hash=\"#elementor-action%3Aaction%3Dlightbox%26settings%3DeyJpZCI6NjQzLCJ1cmwiOiJodHRwczpcL1wvYW5hbGVhbHBob3RvZ3JhcGh5LmNvbVwvd3AtY29udGVudFwvdXBsb2Fkc1wvMjAyMlwvMDRcL0JsdXJyeS1TZXJlbmUtMS5qcGciLCJzbGlkZXNob3ciOiJhbGwtMjg4ZTNmNzkifQ%3D%3D\">\n\t\t\t\t\t<div class=\"e-gallery-image elementor-gallery-item__image\" data-thumbnail=\"https:\/\/analealphotography.com\/wp-content\/uploads\/2022\/04\/Blurry-Serene-1.jpg\" data-width=\"1200\" data-height=\"1200\" alt=\"\" ><\/div>\n\t\t\t\t\t\t\t\t\t\t\t<div class=\"elementor-gallery-item__overlay\"><\/div>\n\t\t\t\t\t\t\t\t\t\t\t\t\t\t<\/a>\n\t\t\t\t\t\t\t<a class=\"e-gallery-item elementor-gallery-item elementor-animated-content\" href=\"https:\/\/analealphotography.com\/wp-content\/uploads\/2022\/04\/Blurry-Serene-2.jpg\" data-elementor-open-lightbox=\"yes\" data-elementor-lightbox-slideshow=\"all-288e3f79\" data-elementor-lightbox-title=\"Blurry Serene 2\" data-e-action-hash=\"#elementor-action%3Aaction%3Dlightbox%26settings%3DeyJpZCI6NjQ0LCJ1cmwiOiJodHRwczpcL1wvYW5hbGVhbHBob3RvZ3JhcGh5LmNvbVwvd3AtY29udGVudFwvdXBsb2Fkc1wvMjAyMlwvMDRcL0JsdXJyeS1TZXJlbmUtMi5qcGciLCJzbGlkZXNob3ciOiJhbGwtMjg4ZTNmNzkifQ%3D%3D\">\n\t\t\t\t\t<div class=\"e-gallery-image elementor-gallery-item__image\" data-thumbnail=\"https:\/\/analealphotography.com\/wp-content\/uploads\/2022\/04\/Blurry-Serene-2.jpg\" data-width=\"1200\" data-height=\"1200\" alt=\"\" ><\/div>\n\t\t\t\t\t\t\t\t\t\t\t<div class=\"elementor-gallery-item__overlay\"><\/div>\n\t\t\t\t\t\t\t\t\t\t\t\t\t\t<\/a>\n\t\t\t\t\t<\/div>\n\t\t\t\t\t<\/div>\n\t\t\t\t<\/div>\n\t\t\t\t\t<\/div>\n\t\t<\/div>\n\t\t\t\t\t<\/div>\n\t\t<\/section>\n\t\t\t\t<\/div>","protected":false},"excerpt":{"rendered":"<p>SOBRE O PROJETO Paisagens Psicol\u00f3gicas tem como objetivo trazer \u00e0 discuss\u00e3o a forma como vemos as coisas e como essas imagens se relacionam com o meio fotogr\u00e1fico mostrando novas possibilidades para o espectador observar o mundo. Tudo come\u00e7a com a fotografia de uma paisagem. Um lago, um rio, uma montanha. Cen\u00e1rios t\u00e3o comuns aos nossos olhos. As imagens foram capturadas entre 2017 e 2020 no Parque Nacional de Yellowstone e no Parque Nacional de Grand Teton, ambos nos EUA e [&hellip;]<\/p>","protected":false},"author":1,"featured_media":0,"parent":0,"menu_order":0,"comment_status":"closed","ping_status":"closed","template":"elementor_header_footer","meta":{"om_disable_all_campaigns":false,"_monsterinsights_skip_tracking":false,"_monsterinsights_sitenote_active":false,"_monsterinsights_sitenote_note":"","_monsterinsights_sitenote_category":0,"_uf_show_specific_survey":0,"_uf_disable_surveys":false,"footnotes":""},"class_list":["post-526","page","type-page","status-publish","hentry"],"aioseo_notices":[],"_links":{"self":[{"href":"https:\/\/analealphotography.com\/en\/wp-json\/wp\/v2\/pages\/526","targetHints":{"allow":["GET"]}}],"collection":[{"href":"https:\/\/analealphotography.com\/en\/wp-json\/wp\/v2\/pages"}],"about":[{"href":"https:\/\/analealphotography.com\/en\/wp-json\/wp\/v2\/types\/page"}],"author":[{"embeddable":true,"href":"https:\/\/analealphotography.com\/en\/wp-json\/wp\/v2\/users\/1"}],"replies":[{"embeddable":true,"href":"https:\/\/analealphotography.com\/en\/wp-json\/wp\/v2\/comments?post=526"}],"version-history":[{"count":25,"href":"https:\/\/analealphotography.com\/en\/wp-json\/wp\/v2\/pages\/526\/revisions"}],"predecessor-version":[{"id":1364,"href":"https:\/\/analealphotography.com\/en\/wp-json\/wp\/v2\/pages\/526\/revisions\/1364"}],"wp:attachment":[{"href":"https:\/\/analealphotography.com\/en\/wp-json\/wp\/v2\/media?parent=526"}],"curies":[{"name":"wp","href":"https:\/\/api.w.org\/{rel}","templated":true}]}}