{"id":524,"date":"2022-04-08T20:33:23","date_gmt":"2022-04-08T20:33:23","guid":{"rendered":"https:\/\/analealphotography.com\/?page_id=524"},"modified":"2022-04-14T18:34:53","modified_gmt":"2022-04-14T18:34:53","slug":"vestigios","status":"publish","type":"page","link":"https:\/\/analealphotography.com\/en\/vestigios\/","title":{"rendered":"Vestiges ( 2018 )"},"content":{"rendered":"<div data-elementor-type=\"wp-page\" data-elementor-id=\"524\" class=\"elementor elementor-524\" data-elementor-settings=\"{&quot;ha_cmc_init_switcher&quot;:&quot;no&quot;}\">\n\t\t\t\t\t\t<section class=\"elementor-section elementor-top-section elementor-element elementor-element-3fd6e853 elementor-section-height-min-height elementor-section-full_width elementor-section-stretched elementor-section-height-default elementor-section-items-middle\" data-id=\"3fd6e853\" data-element_type=\"section\" data-settings=\"{&quot;background_background&quot;:&quot;classic&quot;,&quot;stretch_section&quot;:&quot;section-stretched&quot;,&quot;_ha_eqh_enable&quot;:false}\">\n\t\t\t\t\t\t\t<div class=\"elementor-background-overlay\"><\/div>\n\t\t\t\t\t\t\t<div class=\"elementor-container elementor-column-gap-default\">\n\t\t\t\t\t<div class=\"elementor-column elementor-col-100 elementor-top-column elementor-element elementor-element-32c73ed3\" data-id=\"32c73ed3\" data-element_type=\"column\">\n\t\t\t<div class=\"elementor-widget-wrap elementor-element-populated\">\n\t\t\t\t\t\t<section class=\"elementor-section elementor-inner-section elementor-element elementor-element-7d444ee9 elementor-section-boxed elementor-section-height-default elementor-section-height-default\" data-id=\"7d444ee9\" data-element_type=\"section\" data-settings=\"{&quot;_ha_eqh_enable&quot;:false}\">\n\t\t\t\t\t\t<div class=\"elementor-container elementor-column-gap-default\">\n\t\t\t\t\t<div class=\"elementor-column elementor-col-100 elementor-inner-column elementor-element elementor-element-5c113f60\" data-id=\"5c113f60\" data-element_type=\"column\">\n\t\t\t<div class=\"elementor-widget-wrap elementor-element-populated\">\n\t\t\t\t\t\t\t<\/div>\n\t\t<\/div>\n\t\t\t\t\t<\/div>\n\t\t<\/section>\n\t\t\t\t\t<\/div>\n\t\t<\/div>\n\t\t\t\t\t<\/div>\n\t\t<\/section>\n\t\t\t\t<section class=\"elementor-section elementor-top-section elementor-element elementor-element-7cf80839 elementor-section-stretched elementor-section-boxed elementor-section-height-default elementor-section-height-default\" data-id=\"7cf80839\" data-element_type=\"section\" data-settings=\"{&quot;stretch_section&quot;:&quot;section-stretched&quot;,&quot;_ha_eqh_enable&quot;:false}\">\n\t\t\t\t\t\t<div class=\"elementor-container elementor-column-gap-default\">\n\t\t\t\t\t<div class=\"elementor-column elementor-col-100 elementor-top-column elementor-element elementor-element-54d243b2\" data-id=\"54d243b2\" data-element_type=\"column\">\n\t\t\t<div class=\"elementor-widget-wrap elementor-element-populated\">\n\t\t\t\t\t\t<section class=\"elementor-section elementor-inner-section elementor-element elementor-element-55e86a2d elementor-section-boxed elementor-section-height-default elementor-section-height-default\" data-id=\"55e86a2d\" data-element_type=\"section\" data-settings=\"{&quot;_ha_eqh_enable&quot;:false}\">\n\t\t\t\t\t\t<div class=\"elementor-container elementor-column-gap-default\">\n\t\t\t\t\t<div class=\"elementor-column elementor-col-100 elementor-inner-column elementor-element elementor-element-20399c71\" data-id=\"20399c71\" data-element_type=\"column\">\n\t\t\t<div class=\"elementor-widget-wrap elementor-element-populated\">\n\t\t\t\t\t\t<div class=\"elementor-element elementor-element-10152257 elementor-widget-divider--view-line_text elementor-widget-divider--element-align-center elementor-widget elementor-widget-divider\" data-id=\"10152257\" data-element_type=\"widget\" data-widget_type=\"divider.default\">\n\t\t\t\t<div class=\"elementor-widget-container\">\n\t\t\t\t\t\t\t<div class=\"elementor-divider\">\n\t\t\t<span class=\"elementor-divider-separator\">\n\t\t\t\t\t\t\t<span class=\"elementor-divider__text elementor-divider__element\">\n\t\t\t\tABOUT THE PROJECT\t\t\t\t<\/span>\n\t\t\t\t\t\t<\/span>\n\t\t<\/div>\n\t\t\t\t\t\t<\/div>\n\t\t\t\t<\/div>\n\t\t\t\t<div class=\"elementor-element elementor-element-3b0225e7 elementor-widget elementor-widget-text-editor\" data-id=\"3b0225e7\" data-element_type=\"widget\" data-widget_type=\"text-editor.default\">\n\t\t\t\t<div class=\"elementor-widget-container\">\n\t\t\t\t\t\t\t\t\t<p class=\"s3 translation-block\"><span class=\"s4\">\u201cVestiges\u201d is the result of an intense investigation into two distinct and overlapping realms: on one hand, the exploration of mysterious, forgotten and abandoned places ; on the other hand, an internal immersion into a condition of melancholy and sorrow. I have always been irresistibly drawn to these liminal places that look like ruins frozen in time. I decided to depict the details, the ordinary and banal elements, and the strange compositions that I found upon entering these derelict properties. What I found, however, was more than this. I was confronted with the eternal decay of time that is impregnated in the inanimate objects that have been left behind, like unwanted reminders of a distant time, of another life. Furthermore, I realized that I was trying to capture more than the decline of a house, of a room, of a thing \u2013 this series is an attempt to capture a state of suspension, a melancholic atmosphere in which time stops and the present fades away. <\/span><\/p><p class=\"p1 translation-block\"><span class=\"s4\"> Some of the photographs in the series reveal found scenarios, uncanny situations unaltered by me, others transpire my interest in interstices, slivers of light, narrow points of view. When brought together, they compose a portrait of the solitude of all the songs that you can't hear, all the colors you can't see, and all the words you can't pronounce, embodying solitude and emptiness. <\/span><\/p><p class=\"translation-block\"><span class=\"s5\"> Vestiges is a series composed by 8 images. Each piece is produced in an edition of 13 + 2 AP for a total edition of 15. <\/span><\/p><p class=\"translation-block\"><span class=\"s4\">This body of work is printed on Archival paper Hahnem\u00fchle Photo Rag Baryta with archival ink.<\/span><\/p><p class=\"translation-block\"><span class=\"s4\"> There are two print sizes : 16\u201d x 24\u201d ( 10 ), 30\u201dx 42\u201d( 3 ) plus 2 artist proofs. <\/span><\/p>\t\t\t\t\t\t\t\t<\/div>\n\t\t\t\t<\/div>\n\t\t\t\t\t<\/div>\n\t\t<\/div>\n\t\t\t\t\t<\/div>\n\t\t<\/section>\n\t\t\t\t\t<\/div>\n\t\t<\/div>\n\t\t\t\t\t<\/div>\n\t\t<\/section>\n\t\t\t\t<section class=\"elementor-section elementor-top-section elementor-element elementor-element-3978995c elementor-section-stretched elementor-section-boxed elementor-section-height-default elementor-section-height-default\" data-id=\"3978995c\" data-element_type=\"section\" data-settings=\"{&quot;stretch_section&quot;:&quot;section-stretched&quot;,&quot;_ha_eqh_enable&quot;:false}\">\n\t\t\t\t\t\t<div class=\"elementor-container elementor-column-gap-default\">\n\t\t\t\t\t<div class=\"elementor-column elementor-col-100 elementor-top-column elementor-element elementor-element-4390395e\" data-id=\"4390395e\" data-element_type=\"column\">\n\t\t\t<div class=\"elementor-widget-wrap elementor-element-populated\">\n\t\t\t\t\t\t<div class=\"elementor-element elementor-element-79d97acc elementor-widget elementor-widget-gallery\" data-id=\"79d97acc\" data-element_type=\"widget\" data-settings=\"{&quot;columns&quot;:3,&quot;gap&quot;:{&quot;unit&quot;:&quot;px&quot;,&quot;size&quot;:30,&quot;sizes&quot;:[]},&quot;columns_mobile&quot;:2,&quot;lazyload&quot;:&quot;yes&quot;,&quot;gallery_layout&quot;:&quot;grid&quot;,&quot;columns_tablet&quot;:2,&quot;gap_laptop&quot;:{&quot;unit&quot;:&quot;px&quot;,&quot;size&quot;:10,&quot;sizes&quot;:[]},&quot;gap_tablet&quot;:{&quot;unit&quot;:&quot;px&quot;,&quot;size&quot;:10,&quot;sizes&quot;:[]},&quot;gap_mobile&quot;:{&quot;unit&quot;:&quot;px&quot;,&quot;size&quot;:10,&quot;sizes&quot;:[]},&quot;link_to&quot;:&quot;file&quot;,&quot;aspect_ratio&quot;:&quot;3:2&quot;,&quot;overlay_background&quot;:&quot;yes&quot;,&quot;content_hover_animation&quot;:&quot;fade-in&quot;}\" data-widget_type=\"gallery.default\">\n\t\t\t\t<div class=\"elementor-widget-container\">\n\t\t\t\t\t\t\t<div class=\"elementor-gallery__container\">\n\t\t\t\t\t\t\t<a class=\"e-gallery-item elementor-gallery-item elementor-animated-content\" href=\"https:\/\/analealphotography.com\/wp-content\/uploads\/2022\/04\/Vestigios-Vestiges-1.jpg\" data-elementor-open-lightbox=\"yes\" data-elementor-lightbox-slideshow=\"all-79d97acc\" data-elementor-lightbox-title=\"Vestigios : Vestiges #1\" data-e-action-hash=\"#elementor-action%3Aaction%3Dlightbox%26settings%3DeyJpZCI6NjE5LCJ1cmwiOiJodHRwczpcL1wvYW5hbGVhbHBob3RvZ3JhcGh5LmNvbVwvd3AtY29udGVudFwvdXBsb2Fkc1wvMjAyMlwvMDRcL1Zlc3RpZ2lvcy1WZXN0aWdlcy0xLmpwZyIsInNsaWRlc2hvdyI6ImFsbC03OWQ5N2FjYyJ9\">\n\t\t\t\t\t<div class=\"e-gallery-image elementor-gallery-item__image\" data-thumbnail=\"https:\/\/analealphotography.com\/wp-content\/uploads\/2022\/04\/Vestigios-Vestiges-1.jpg\" data-width=\"1200\" data-height=\"801\" alt=\"\" ><\/div>\n\t\t\t\t\t\t\t\t\t\t\t<div class=\"elementor-gallery-item__overlay\"><\/div>\n\t\t\t\t\t\t\t\t\t\t\t\t\t\t<\/a>\n\t\t\t\t\t\t\t<a class=\"e-gallery-item elementor-gallery-item elementor-animated-content\" href=\"https:\/\/analealphotography.com\/wp-content\/uploads\/2022\/04\/Vestigios-Vestiges-2.jpg\" data-elementor-open-lightbox=\"yes\" data-elementor-lightbox-slideshow=\"all-79d97acc\" data-elementor-lightbox-title=\"Vestigios : Vestiges #2\" data-e-action-hash=\"#elementor-action%3Aaction%3Dlightbox%26settings%3DeyJpZCI6NjIwLCJ1cmwiOiJodHRwczpcL1wvYW5hbGVhbHBob3RvZ3JhcGh5LmNvbVwvd3AtY29udGVudFwvdXBsb2Fkc1wvMjAyMlwvMDRcL1Zlc3RpZ2lvcy1WZXN0aWdlcy0yLmpwZyIsInNsaWRlc2hvdyI6ImFsbC03OWQ5N2FjYyJ9\">\n\t\t\t\t\t<div class=\"e-gallery-image elementor-gallery-item__image\" data-thumbnail=\"https:\/\/analealphotography.com\/wp-content\/uploads\/2022\/04\/Vestigios-Vestiges-2.jpg\" data-width=\"1200\" data-height=\"800\" alt=\"\" ><\/div>\n\t\t\t\t\t\t\t\t\t\t\t<div class=\"elementor-gallery-item__overlay\"><\/div>\n\t\t\t\t\t\t\t\t\t\t\t\t\t\t<\/a>\n\t\t\t\t\t\t\t<a class=\"e-gallery-item elementor-gallery-item elementor-animated-content\" href=\"https:\/\/analealphotography.com\/wp-content\/uploads\/2022\/04\/Vestigios-Vestiges-3.jpg\" data-elementor-open-lightbox=\"yes\" data-elementor-lightbox-slideshow=\"all-79d97acc\" data-elementor-lightbox-title=\"Vestigios : Vestiges #3\" data-e-action-hash=\"#elementor-action%3Aaction%3Dlightbox%26settings%3DeyJpZCI6NjIxLCJ1cmwiOiJodHRwczpcL1wvYW5hbGVhbHBob3RvZ3JhcGh5LmNvbVwvd3AtY29udGVudFwvdXBsb2Fkc1wvMjAyMlwvMDRcL1Zlc3RpZ2lvcy1WZXN0aWdlcy0zLmpwZyIsInNsaWRlc2hvdyI6ImFsbC03OWQ5N2FjYyJ9\">\n\t\t\t\t\t<div class=\"e-gallery-image elementor-gallery-item__image\" data-thumbnail=\"https:\/\/analealphotography.com\/wp-content\/uploads\/2022\/04\/Vestigios-Vestiges-3.jpg\" data-width=\"802\" data-height=\"1200\" alt=\"\" ><\/div>\n\t\t\t\t\t\t\t\t\t\t\t<div class=\"elementor-gallery-item__overlay\"><\/div>\n\t\t\t\t\t\t\t\t\t\t\t\t\t\t<\/a>\n\t\t\t\t\t\t\t<a class=\"e-gallery-item elementor-gallery-item elementor-animated-content\" href=\"https:\/\/analealphotography.com\/wp-content\/uploads\/2022\/04\/Vestigios-Vestiges-4-1.jpg\" data-elementor-open-lightbox=\"yes\" data-elementor-lightbox-slideshow=\"all-79d97acc\" data-elementor-lightbox-title=\"Vestigios : Vestiges #4\" data-e-action-hash=\"#elementor-action%3Aaction%3Dlightbox%26settings%3DeyJpZCI6NjIyLCJ1cmwiOiJodHRwczpcL1wvYW5hbGVhbHBob3RvZ3JhcGh5LmNvbVwvd3AtY29udGVudFwvdXBsb2Fkc1wvMjAyMlwvMDRcL1Zlc3RpZ2lvcy1WZXN0aWdlcy00LTEuanBnIiwic2xpZGVzaG93IjoiYWxsLTc5ZDk3YWNjIn0%3D\">\n\t\t\t\t\t<div class=\"e-gallery-image elementor-gallery-item__image\" data-thumbnail=\"https:\/\/analealphotography.com\/wp-content\/uploads\/2022\/04\/Vestigios-Vestiges-4-1.jpg\" data-width=\"1200\" data-height=\"800\" alt=\"\" ><\/div>\n\t\t\t\t\t\t\t\t\t\t\t<div class=\"elementor-gallery-item__overlay\"><\/div>\n\t\t\t\t\t\t\t\t\t\t\t\t\t\t<\/a>\n\t\t\t\t\t\t\t<a class=\"e-gallery-item elementor-gallery-item elementor-animated-content\" href=\"https:\/\/analealphotography.com\/wp-content\/uploads\/2022\/04\/Vestigios-Vestiges-5.jpg\" data-elementor-open-lightbox=\"yes\" data-elementor-lightbox-slideshow=\"all-79d97acc\" data-elementor-lightbox-title=\"Vestigios : Vestiges #5\" data-e-action-hash=\"#elementor-action%3Aaction%3Dlightbox%26settings%3DeyJpZCI6NjIzLCJ1cmwiOiJodHRwczpcL1wvYW5hbGVhbHBob3RvZ3JhcGh5LmNvbVwvd3AtY29udGVudFwvdXBsb2Fkc1wvMjAyMlwvMDRcL1Zlc3RpZ2lvcy1WZXN0aWdlcy01LmpwZyIsInNsaWRlc2hvdyI6ImFsbC03OWQ5N2FjYyJ9\">\n\t\t\t\t\t<div class=\"e-gallery-image elementor-gallery-item__image\" data-thumbnail=\"https:\/\/analealphotography.com\/wp-content\/uploads\/2022\/04\/Vestigios-Vestiges-5.jpg\" data-width=\"1200\" data-height=\"1798\" alt=\"\" ><\/div>\n\t\t\t\t\t\t\t\t\t\t\t<div class=\"elementor-gallery-item__overlay\"><\/div>\n\t\t\t\t\t\t\t\t\t\t\t\t\t\t<\/a>\n\t\t\t\t\t\t\t<a class=\"e-gallery-item elementor-gallery-item elementor-animated-content\" href=\"https:\/\/analealphotography.com\/wp-content\/uploads\/2022\/04\/Vestigios-Vestiges-6.jpg\" data-elementor-open-lightbox=\"yes\" data-elementor-lightbox-slideshow=\"all-79d97acc\" data-elementor-lightbox-title=\"Vestigios : Vestiges #6\" data-e-action-hash=\"#elementor-action%3Aaction%3Dlightbox%26settings%3DeyJpZCI6NjI0LCJ1cmwiOiJodHRwczpcL1wvYW5hbGVhbHBob3RvZ3JhcGh5LmNvbVwvd3AtY29udGVudFwvdXBsb2Fkc1wvMjAyMlwvMDRcL1Zlc3RpZ2lvcy1WZXN0aWdlcy02LmpwZyIsInNsaWRlc2hvdyI6ImFsbC03OWQ5N2FjYyJ9\">\n\t\t\t\t\t<div class=\"e-gallery-image elementor-gallery-item__image\" data-thumbnail=\"https:\/\/analealphotography.com\/wp-content\/uploads\/2022\/04\/Vestigios-Vestiges-6.jpg\" data-width=\"1200\" data-height=\"1500\" alt=\"\" ><\/div>\n\t\t\t\t\t\t\t\t\t\t\t<div class=\"elementor-gallery-item__overlay\"><\/div>\n\t\t\t\t\t\t\t\t\t\t\t\t\t\t<\/a>\n\t\t\t\t\t\t\t<a class=\"e-gallery-item elementor-gallery-item elementor-animated-content\" href=\"https:\/\/analealphotography.com\/wp-content\/uploads\/2022\/04\/Vestigios-Vestiges-7.jpg\" data-elementor-open-lightbox=\"yes\" data-elementor-lightbox-slideshow=\"all-79d97acc\" data-elementor-lightbox-title=\"Vestigios : Vestiges #7\" data-e-action-hash=\"#elementor-action%3Aaction%3Dlightbox%26settings%3DeyJpZCI6NjI1LCJ1cmwiOiJodHRwczpcL1wvYW5hbGVhbHBob3RvZ3JhcGh5LmNvbVwvd3AtY29udGVudFwvdXBsb2Fkc1wvMjAyMlwvMDRcL1Zlc3RpZ2lvcy1WZXN0aWdlcy03LmpwZyIsInNsaWRlc2hvdyI6ImFsbC03OWQ5N2FjYyJ9\">\n\t\t\t\t\t<div class=\"e-gallery-image elementor-gallery-item__image\" data-thumbnail=\"https:\/\/analealphotography.com\/wp-content\/uploads\/2022\/04\/Vestigios-Vestiges-7.jpg\" data-width=\"1200\" data-height=\"960\" alt=\"\" ><\/div>\n\t\t\t\t\t\t\t\t\t\t\t<div class=\"elementor-gallery-item__overlay\"><\/div>\n\t\t\t\t\t\t\t\t\t\t\t\t\t\t<\/a>\n\t\t\t\t\t\t\t<a class=\"e-gallery-item elementor-gallery-item elementor-animated-content\" href=\"https:\/\/analealphotography.com\/wp-content\/uploads\/2022\/04\/Vestigios-Vestiges-8.jpg\" data-elementor-open-lightbox=\"yes\" data-elementor-lightbox-slideshow=\"all-79d97acc\" data-elementor-lightbox-title=\"Vestigios : Vestiges #8\" data-e-action-hash=\"#elementor-action%3Aaction%3Dlightbox%26settings%3DeyJpZCI6NjI2LCJ1cmwiOiJodHRwczpcL1wvYW5hbGVhbHBob3RvZ3JhcGh5LmNvbVwvd3AtY29udGVudFwvdXBsb2Fkc1wvMjAyMlwvMDRcL1Zlc3RpZ2lvcy1WZXN0aWdlcy04LmpwZyIsInNsaWRlc2hvdyI6ImFsbC03OWQ5N2FjYyJ9\">\n\t\t\t\t\t<div class=\"e-gallery-image elementor-gallery-item__image\" data-thumbnail=\"https:\/\/analealphotography.com\/wp-content\/uploads\/2022\/04\/Vestigios-Vestiges-8.jpg\" data-width=\"1200\" data-height=\"801\" alt=\"\" ><\/div>\n\t\t\t\t\t\t\t\t\t\t\t<div class=\"elementor-gallery-item__overlay\"><\/div>\n\t\t\t\t\t\t\t\t\t\t\t\t\t\t<\/a>\n\t\t\t\t\t<\/div>\n\t\t\t\t\t<\/div>\n\t\t\t\t<\/div>\n\t\t\t\t\t<\/div>\n\t\t<\/div>\n\t\t\t\t\t<\/div>\n\t\t<\/section>\n\t\t\t\t<\/div>","protected":false},"excerpt":{"rendered":"<p>SOBRE O PROJETO &#8220;Vest\u00edgios&#8221; \u00e9 o resultado de uma intensa investiga\u00e7\u00e3o em dois dom\u00edniosdistintos e sobrepostos: por um lado, a explora\u00e7\u00e3o de lugares misteriosos, esquecidos e abandonados; por outro lado, uma imers\u00e3o interna em uma condi\u00e7\u00e3o de melancolia e tristeza. Sempre fui irresistivelmente atra\u00edda por esses lugares lim\u00edtrofes que parecem ru\u00ednas congeladas no tempo. Decidi descrever os detalhes, os elementos comuns e banais e as estranhas composi\u00e7\u00f5es que encontrei ao entrar nessas propriedades abandonadas. O que descobri, no entanto, foi [&hellip;]<\/p>","protected":false},"author":1,"featured_media":0,"parent":0,"menu_order":0,"comment_status":"closed","ping_status":"closed","template":"elementor_header_footer","meta":{"om_disable_all_campaigns":false,"_monsterinsights_skip_tracking":false,"_monsterinsights_sitenote_active":false,"_monsterinsights_sitenote_note":"","_monsterinsights_sitenote_category":0,"_uf_show_specific_survey":0,"_uf_disable_surveys":false,"footnotes":""},"class_list":["post-524","page","type-page","status-publish","hentry"],"aioseo_notices":[],"_links":{"self":[{"href":"https:\/\/analealphotography.com\/en\/wp-json\/wp\/v2\/pages\/524","targetHints":{"allow":["GET"]}}],"collection":[{"href":"https:\/\/analealphotography.com\/en\/wp-json\/wp\/v2\/pages"}],"about":[{"href":"https:\/\/analealphotography.com\/en\/wp-json\/wp\/v2\/types\/page"}],"author":[{"embeddable":true,"href":"https:\/\/analealphotography.com\/en\/wp-json\/wp\/v2\/users\/1"}],"replies":[{"embeddable":true,"href":"https:\/\/analealphotography.com\/en\/wp-json\/wp\/v2\/comments?post=524"}],"version-history":[{"count":31,"href":"https:\/\/analealphotography.com\/en\/wp-json\/wp\/v2\/pages\/524\/revisions"}],"predecessor-version":[{"id":1361,"href":"https:\/\/analealphotography.com\/en\/wp-json\/wp\/v2\/pages\/524\/revisions\/1361"}],"wp:attachment":[{"href":"https:\/\/analealphotography.com\/en\/wp-json\/wp\/v2\/media?parent=524"}],"curies":[{"name":"wp","href":"https:\/\/api.w.org\/{rel}","templated":true}]}}