{"id":247,"date":"2022-03-31T16:15:38","date_gmt":"2022-03-31T16:15:38","guid":{"rendered":"https:\/\/analealphotography.com\/?page_id=247"},"modified":"2022-07-19T20:01:15","modified_gmt":"2022-07-19T20:01:15","slug":"sobre-as-obras","status":"publish","type":"page","link":"https:\/\/analealphotography.com\/en\/sobre-as-obras\/","title":{"rendered":"About The Work"},"content":{"rendered":"<div data-elementor-type=\"wp-page\" data-elementor-id=\"247\" class=\"elementor elementor-247\" data-elementor-settings=\"{&quot;ha_cmc_init_switcher&quot;:&quot;no&quot;}\">\n\t\t\t\t\t\t<section class=\"elementor-section elementor-top-section elementor-element elementor-element-8edca6c elementor-section-height-min-height elementor-section-stretched elementor-section-boxed elementor-section-height-default elementor-section-items-middle\" data-id=\"8edca6c\" data-element_type=\"section\" data-settings=\"{&quot;background_background&quot;:&quot;classic&quot;,&quot;stretch_section&quot;:&quot;section-stretched&quot;,&quot;_ha_eqh_enable&quot;:false}\">\n\t\t\t\t\t\t\t<div class=\"elementor-background-overlay\"><\/div>\n\t\t\t\t\t\t\t<div class=\"elementor-container elementor-column-gap-default\">\n\t\t\t\t\t<div class=\"elementor-column elementor-col-100 elementor-top-column elementor-element elementor-element-214e650\" data-id=\"214e650\" data-element_type=\"column\">\n\t\t\t<div class=\"elementor-widget-wrap elementor-element-populated\">\n\t\t\t\t\t\t<section class=\"elementor-section elementor-inner-section elementor-element elementor-element-b633223 elementor-section-boxed elementor-section-height-default elementor-section-height-default\" data-id=\"b633223\" data-element_type=\"section\" data-settings=\"{&quot;_ha_eqh_enable&quot;:false}\">\n\t\t\t\t\t\t<div class=\"elementor-container elementor-column-gap-default\">\n\t\t\t\t\t<div class=\"elementor-column elementor-col-100 elementor-inner-column elementor-element elementor-element-7764c7c\" data-id=\"7764c7c\" data-element_type=\"column\">\n\t\t\t<div class=\"elementor-widget-wrap elementor-element-populated\">\n\t\t\t\t\t\t<div class=\"elementor-element elementor-element-1ab3b1b elementor-widget-divider--view-line_text elementor-widget-divider--element-align-center elementor-widget elementor-widget-divider\" data-id=\"1ab3b1b\" data-element_type=\"widget\" data-widget_type=\"divider.default\">\n\t\t\t\t<div class=\"elementor-widget-container\">\n\t\t\t\t\t\t\t<div class=\"elementor-divider\">\n\t\t\t<span class=\"elementor-divider-separator\">\n\t\t\t\t\t\t\t<span class=\"elementor-divider__text elementor-divider__element\">\n\t\t\t\tKNOW MORE\t\t\t\t<\/span>\n\t\t\t\t\t\t<\/span>\n\t\t<\/div>\n\t\t\t\t\t\t<\/div>\n\t\t\t\t<\/div>\n\t\t\t\t<div class=\"elementor-element elementor-element-abb76f8 elementor-widget elementor-widget-heading\" data-id=\"abb76f8\" data-element_type=\"widget\" data-widget_type=\"heading.default\">\n\t\t\t\t<div class=\"elementor-widget-container\">\n\t\t\t\t\t<h2 class=\"elementor-heading-title elementor-size-default\">About The Work<\/h2>\t\t\t\t<\/div>\n\t\t\t\t<\/div>\n\t\t\t\t<div class=\"elementor-element elementor-element-8685546 elementor-widget elementor-widget-text-editor\" data-id=\"8685546\" data-element_type=\"widget\" data-widget_type=\"text-editor.default\">\n\t\t\t\t<div class=\"elementor-widget-container\">\n\t\t\t\t\t\t\t\t\t<p class=\"p1\">I work with both digital and analog photography capturing my images from nature and everyday living. Over the years, I've experimented with different lenses and keep coming back to 50mm, so this is definitely my tool of choice. I work a lot in post-production and editing in my studio.<\/p>\t\t\t\t\t\t\t\t<\/div>\n\t\t\t\t<\/div>\n\t\t\t\t\t<\/div>\n\t\t<\/div>\n\t\t\t\t\t<\/div>\n\t\t<\/section>\n\t\t\t\t\t<\/div>\n\t\t<\/div>\n\t\t\t\t\t<\/div>\n\t\t<\/section>\n\t\t\t\t<section class=\"elementor-section elementor-top-section elementor-element elementor-element-6bfee12 elementor-section-full_width elementor-section-stretched elementor-section-height-default elementor-section-height-default\" data-id=\"6bfee12\" data-element_type=\"section\" data-settings=\"{&quot;stretch_section&quot;:&quot;section-stretched&quot;,&quot;_ha_eqh_enable&quot;:false}\">\n\t\t\t\t\t\t<div class=\"elementor-container elementor-column-gap-default\">\n\t\t\t\t\t<div class=\"elementor-column elementor-col-50 elementor-top-column elementor-element elementor-element-cb90b38 elementor-hidden-mobile\" data-id=\"cb90b38\" data-element_type=\"column\" data-settings=\"{&quot;background_background&quot;:&quot;classic&quot;}\">\n\t\t\t<div class=\"elementor-widget-wrap\">\n\t\t\t\t\t\t\t<\/div>\n\t\t<\/div>\n\t\t\t\t<div class=\"elementor-column elementor-col-50 elementor-top-column elementor-element elementor-element-e00ab4c\" data-id=\"e00ab4c\" data-element_type=\"column\" data-settings=\"{&quot;background_background&quot;:&quot;classic&quot;}\">\n\t\t\t<div class=\"elementor-widget-wrap elementor-element-populated\">\n\t\t\t\t\t\t<div class=\"elementor-element elementor-element-35e1f2e elementor-widget elementor-widget-text-editor\" data-id=\"35e1f2e\" data-element_type=\"widget\" data-widget_type=\"text-editor.default\">\n\t\t\t\t<div class=\"elementor-widget-container\">\n\t\t\t\t\t\t\t\t\t<p class=\"p1\">All images are available as archival pigment prints<span class=\"Apple-converted-space\">\u00a0 <\/span>with edition sizes varying according to sizes.\u00a0Each print comes with its Authenticity Certificate and there are two artist proofs for each print edition.<\/p><p class=\"p1\">I use certified fine art papers with high durability and high print quality. Both the Matt Fine Art textured line or the Canvas Fine Art line depending on the series.I have been collaborating with master printers both in Brazil and in the USA to produce my Limited Editions fine art prints in larger formats. Smaller sizes I print myself at my studio.<\/p><p class=\"p1\">Prices range from U$ 600 to U$ 3,000 depending on the series, edition, sizes and framimg.<\/p><p class=\"p1\">If you are interested in pricing and purchasing any piece, please contact me at analeal@analealphotography.com or through the form at contact section.<\/p><p class=\"p1\">You can also find my work at Saatchi Art:<\/p><p class=\"p1\"><span class=\"s1\"><a href=\"https:\/\/www.saatchiart.com\/analeal\">https:\/\/www.saatchiart.com\/analeal<\/a><\/span><\/p>\t\t\t\t\t\t\t\t<\/div>\n\t\t\t\t<\/div>\n\t\t\t\t\t<\/div>\n\t\t<\/div>\n\t\t\t\t\t<\/div>\n\t\t<\/section>\n\t\t\t\t<section class=\"elementor-section elementor-top-section elementor-element elementor-element-057d156 elementor-section-stretched elementor-section-boxed elementor-section-height-default elementor-section-height-default\" data-id=\"057d156\" data-element_type=\"section\" data-settings=\"{&quot;stretch_section&quot;:&quot;section-stretched&quot;,&quot;_ha_eqh_enable&quot;:false}\">\n\t\t\t\t\t\t<div class=\"elementor-container elementor-column-gap-default\">\n\t\t\t\t\t<div class=\"elementor-column elementor-col-100 elementor-top-column elementor-element elementor-element-cfe74a8\" data-id=\"cfe74a8\" data-element_type=\"column\">\n\t\t\t<div class=\"elementor-widget-wrap elementor-element-populated\">\n\t\t\t\t\t\t<section class=\"elementor-section elementor-inner-section elementor-element elementor-element-011e2f9 elementor-section-boxed elementor-section-height-default elementor-section-height-default\" data-id=\"011e2f9\" data-element_type=\"section\" data-settings=\"{&quot;_ha_eqh_enable&quot;:false}\">\n\t\t\t\t\t\t<div class=\"elementor-container elementor-column-gap-default\">\n\t\t\t\t\t<div class=\"elementor-column elementor-col-100 elementor-inner-column elementor-element elementor-element-d3332a3\" data-id=\"d3332a3\" data-element_type=\"column\">\n\t\t\t<div class=\"elementor-widget-wrap elementor-element-populated\">\n\t\t\t\t\t\t<div class=\"elementor-element elementor-element-8675002 elementor-widget elementor-widget-heading\" data-id=\"8675002\" data-element_type=\"widget\" data-widget_type=\"heading.default\">\n\t\t\t\t<div class=\"elementor-widget-container\">\n\t\t\t\t\t<h2 class=\"elementor-heading-title elementor-size-default\">SIZES ( inches )\n<\/h2>\t\t\t\t<\/div>\n\t\t\t\t<\/div>\n\t\t\t\t<div class=\"elementor-element elementor-element-f339ce6 elementor-widget elementor-widget-text-editor\" data-id=\"f339ce6\" data-element_type=\"widget\" data-widget_type=\"text-editor.default\">\n\t\t\t\t<div class=\"elementor-widget-container\">\n\t\t\t\t\t\t\t\t\t<p class=\"p1\">Small ( Edition of 10 )<\/p><p class=\"p1\">13\u2019 x 19\u2019<\/p><p class=\"p1\">13\u2019 x 13\u2019<\/p><p class=\"p1\">Medium ( Edition of 8 )<\/p><p class=\"p1\">16,5\u2019 x 24\u2019<\/p><p class=\"p1\">24\u2019 x 24\u2019<span class=\"Apple-converted-space\">\u00a0<\/span><\/p><p class=\"p1\">Large ( Edition of 5 )<span class=\"Apple-converted-space\">\u00a0 <\/span>5 )<\/p><p class=\"p1\">30\u2019 x 42\u2019<\/p><p class=\"p1\">30\u2019 x 30\u2019<\/p>\t\t\t\t\t\t\t\t<\/div>\n\t\t\t\t<\/div>\n\t\t\t\t\t<\/div>\n\t\t<\/div>\n\t\t\t\t\t<\/div>\n\t\t<\/section>\n\t\t\t\t\t<\/div>\n\t\t<\/div>\n\t\t\t\t\t<\/div>\n\t\t<\/section>\n\t\t\t\t<\/div>","protected":false},"excerpt":{"rendered":"<p>SAIBA MAIS Sobre as Obras Eu fotografo de forma digital e anal\u00f3gica capturando minhas imagens da natureza e da vida cotidiana. Ao longo dos anos, experimentei lentes diferentes e continuo sempre voltando \u00e0s de 50 mm, ent\u00e3o essa \u00e9 definitivamente minha ferramenta de escolha. Trabalho bastante em p\u00f3s-produ\u00e7\u00e3o e edi\u00e7\u00e3o no meu est\u00fadio. Todas as impress\u00f5es s\u00e3o jato de tinta \u00e0 base d&#8217;\u00e1gua com pigmento mineral,\u00a0 com tamanhos de edi\u00e7\u00e3o que variam de acordo com a s\u00e9rie. Cada impress\u00e3o vem [&hellip;]<\/p>","protected":false},"author":1,"featured_media":0,"parent":0,"menu_order":0,"comment_status":"closed","ping_status":"closed","template":"elementor_header_footer","meta":{"om_disable_all_campaigns":false,"_monsterinsights_skip_tracking":false,"_monsterinsights_sitenote_active":false,"_monsterinsights_sitenote_note":"","_monsterinsights_sitenote_category":0,"_uf_show_specific_survey":0,"_uf_disable_surveys":false,"footnotes":""},"class_list":["post-247","page","type-page","status-publish","hentry"],"aioseo_notices":[],"_links":{"self":[{"href":"https:\/\/analealphotography.com\/en\/wp-json\/wp\/v2\/pages\/247","targetHints":{"allow":["GET"]}}],"collection":[{"href":"https:\/\/analealphotography.com\/en\/wp-json\/wp\/v2\/pages"}],"about":[{"href":"https:\/\/analealphotography.com\/en\/wp-json\/wp\/v2\/types\/page"}],"author":[{"embeddable":true,"href":"https:\/\/analealphotography.com\/en\/wp-json\/wp\/v2\/users\/1"}],"replies":[{"embeddable":true,"href":"https:\/\/analealphotography.com\/en\/wp-json\/wp\/v2\/comments?post=247"}],"version-history":[{"count":28,"href":"https:\/\/analealphotography.com\/en\/wp-json\/wp\/v2\/pages\/247\/revisions"}],"predecessor-version":[{"id":1460,"href":"https:\/\/analealphotography.com\/en\/wp-json\/wp\/v2\/pages\/247\/revisions\/1460"}],"wp:attachment":[{"href":"https:\/\/analealphotography.com\/en\/wp-json\/wp\/v2\/media?parent=247"}],"curies":[{"name":"wp","href":"https:\/\/api.w.org\/{rel}","templated":true}]}}